{"id":10452,"date":"2022-03-01T09:20:57","date_gmt":"2022-03-01T09:20:57","guid":{"rendered":"http:\/\/collall.test\/product\/collall-tacky-glue-2\/"},"modified":"2025-05-08T12:44:30","modified_gmt":"2025-05-08T10:44:30","slug":"collall-tacky-glue-2","status":"publish","type":"product","link":"https:\/\/collall.nl\/de\/product\/collall-tacky-glue-2\/","title":{"rendered":"Collall Tacky Glue"},"content":{"rendered":"<p><strong>Anwendung:<\/strong> Mit Collall Tacky Glue klebst du Papier, Karton, Textilien, Keramik, Gips, Strasssteine, Leder, Kunststoff, Styropor und Holz.<\/p>\n<p><strong>Aussehen:<\/strong><\/p>\n<ul>\n<li>Wei\u00dfe, dickfl\u00fcssige Fl\u00fcssigkeit<\/li>\n<li>Flexibel<\/li>\n<li>Schnelltrocknend<\/li>\n<li>Trocknet transparent<\/li>\n<\/ul>\n<p><strong>L\u00f6sungsmittel:<\/strong> Wasser<\/p>\n<p><strong>Hauptbestandteil:<\/strong> Polyvinylacetat PVAc<\/p>\n<p data-start=\"0\" data-end=\"32\"><strong>Nat\u00fcrliche Inhaltsstoffe<\/strong>: 57%<\/p>\n<p data-start=\"34\" data-end=\"57\" data-is-last-node=\"\" data-is-only-node=\"\"><strong>Viskosit\u00e4t:<\/strong> 5.000 mPa.s<\/p>\n<p><strong>pH:<\/strong> 5,5<\/p>\n<p><strong>Spezifisches Gewicht:<\/strong> 1,07 kg\/dm\u00b3<\/p>\n<p><strong>CE:<\/strong> \u2013<\/p>\n<p><strong>Klebeverbrauch:<\/strong> 150 g\/m\u00b2<\/p>\n<p><strong>Verarbeitung:<\/strong><\/p>\n<ul>\n<li>Die zu klebenden Materialien m\u00fcssen trocken und frei von Staub und Schmutz sein.<\/li>\n<li>Direkt aus der Flasche anwenden, bei Bedarf mit einem Klebepinsel oder Spatel verteilen.<\/li>\n<\/ul>\n<p><strong>Reinigung:<\/strong><\/p>\n<ul>\n<li>Solange der Kleber noch nass ist, k\u00f6nnen Werkzeuge\/Oberfl\u00e4chen einfach mit Wasser gereinigt werden (bei Bedarf kann dem Wasser ein synthetisches Reinigungsmittel hinzugef\u00fcgt werden).<\/li>\n<li>Eingetrocknete Kleberflecken in warmem Wasser einweichen und anschlie\u00dfend mit einer B\u00fcrste entfernen.<\/li>\n<\/ul>\n<h4><strong>Collall Tacky Glue &#8211; Ein Kleber, endlose M\u00f6glichkeiten!<\/strong><\/h4>\n<p>Der ultimative wasserbasierte Alleskleber f\u00fcr all deine kreativen und praktischen Aufgaben!<\/p>\n<p>Egal, ob du ein erfahrener Bastler bist oder einfach nur einen starken wasserbasierten Kleber f\u00fcr allt\u00e4gliche Reparaturen suchst, Collall Tacky Glue ist die richtige Wahl. Mach dir keine Sorgen \u00fcber die wei\u00dfe Farbe \u2013 deine Kreationen sehen immer ordentlich und professionell aus, denn der Kleber trocknet transparent.<\/p>\n<p><strong>Was kann man mit Collall Tacky Glue kleben?<\/strong><\/p>\n<p>Papier und Karton lassen sich nat\u00fcrlich gut mit Tacky Glue kleben. Dank des hohen Feststoffgehalts (40-50%) besteht weniger Risiko f\u00fcr Wellenbildung, was eine glatte und saubere Oberfl\u00e4che gew\u00e4hrleistet. Verwende einen Klebespatel, um den Kleber gleichm\u00e4\u00dfig auf der Fl\u00e4che zu verteilen.<\/p>\n<ul>\n<li><strong>Stoff:<\/strong> Ideal zum Verkleben von Stoffst\u00fccken oder Jute f\u00fcr eine Collage oder ein Journal. Dieser Kleber ist jedoch nicht waschbar \u2013 f\u00fcr waschbare Projekte solltest du <a href=\"https:\/\/collall.nl\/de\/product\/collall-textilkleber\/\" target=\"_blank\" rel=\"noopener\">Collall Textilkleber<\/a> verwenden.<\/li>\n<li><strong>Leder:<\/strong> Tacky Glue eignet sich hervorragend f\u00fcr kleine, unsichtbare Reparaturen an Schuhen, Taschen oder G\u00fcrteln.<\/li>\n<li><strong>Keramik:<\/strong> Zerbricht eine Tasse oder Vase? Kein Problem \u2013 mit Collall Tacky Glue sieht sie wieder wie neu aus. Nur f\u00fcr dekorative Projekte geeignet, nicht sp\u00fclmaschinenfest.<\/li>\n<li><strong>Gips:<\/strong> Ideal zum Kleben von Gips oder f\u00fcr Reparaturen an vorhandenen Gipskreationen.<\/li>\n<li><strong>Styropor:<\/strong> Perfekt f\u00fcr Bastelprojekte, da es trocknet, ohne das Material zu besch\u00e4digen.<\/li>\n<li>Auch geeignet zum Kleben von Holz, leichten Kunststoffen, Kork und mehr.<\/li>\n<\/ul>\n<p><strong>Hervorragende Haftung<\/strong><\/p>\n<p>Ob du Stoffe kombinierst oder verschiedene Materialien zusammenklebst \u2013 Collall Tacky Glue sorgt f\u00fcr eine schnelle, starke und dauerhafte Verbindung.<\/p>\n<p><strong>Warum einen universellen Kleber wie Tacky Glue w\u00e4hlen?<\/strong><\/p>\n<p>Ein guter Alleskleber ist in jedem Haushalt und Bastelschrank unverzichtbar. Mit Collall Tacky Glue hast du ein Produkt, das f\u00fcr fast jedes Material geeignet ist. Das macht es zu einer sehr praktischen Erg\u00e4nzung f\u00fcr deine kreative Werkzeugkiste.<\/p>\n<p>&nbsp;<\/p>\n","protected":false},"excerpt":{"rendered":"<p>Vielseitige ultimative Kleber f\u00fcr Hobby und Haushalt. Tacky Glue ist einfach in der Anwendung, trocknet transparent aus und ist bleibend flexibel.<\/p>\n","protected":false},"featured_media":31983,"comment_status":"open","ping_status":"closed","template":"","meta":{"_acf_changed":false},"product_brand":[],"product_cat":[176],"product_tag":[3200],"class_list":{"0":"post-10452","1":"product","2":"type-product","3":"status-publish","4":"has-post-thumbnail","6":"product_cat-kleber-und-lackleim","7":"product_tag-pvac-de","9":"first","10":"instock","11":"shipping-taxable","12":"purchasable","13":"product-type-variable"},"acf":[],"yoast_head":"<!-- This site is optimized with the Yoast SEO plugin v27.2 - https:\/\/yoast.com\/product\/yoast-seo-wordpress\/ -->\n<title>Collall Tacky Glue - Collall<\/title>\n<meta name=\"description\" content=\"Vielseitigeder ultimative Kleber f\u00fcr Hobby und Haushalt. Tacky Glue ist einfach in der Anwendung und ist bleibend flexibel.\" \/>\n<meta name=\"robots\" content=\"index, follow, max-snippet:-1, max-image-preview:large, max-video-preview:-1\" \/>\n<link rel=\"canonical\" href=\"https:\/\/collall.nl\/de\/product\/collall-tacky-glue-2\/\" \/>\n<meta property=\"og:locale\" content=\"de_DE\" \/>\n<meta property=\"og:type\" content=\"article\" \/>\n<meta property=\"og:title\" content=\"Collall Tacky Glue - Collall\" \/>\n<meta property=\"og:description\" content=\"Vielseitigeder ultimative Kleber f\u00fcr Hobby und Haushalt. Tacky Glue ist einfach in der Anwendung und ist bleibend flexibel.\" \/>\n<meta property=\"og:url\" content=\"https:\/\/collall.nl\/de\/product\/collall-tacky-glue-2\/\" \/>\n<meta property=\"og:site_name\" content=\"Collall\" \/>\n<meta property=\"article:publisher\" content=\"https:\/\/www.facebook.com\/people\/Collall\/100064976852539\/\" \/>\n<meta property=\"article:modified_time\" content=\"2025-05-08T10:44:30+00:00\" \/>\n<meta property=\"og:image\" content=\"https:\/\/collall.nl\/wp-content\/uploads\/2022\/03\/Collall-COLTG100-Tacky-Glue.jpg\" \/>\n\t<meta property=\"og:image:width\" content=\"1000\" \/>\n\t<meta property=\"og:image:height\" content=\"1000\" \/>\n\t<meta property=\"og:image:type\" content=\"image\/jpeg\" \/>\n<meta name=\"twitter:card\" content=\"summary_large_image\" \/>\n<meta name=\"twitter:label1\" content=\"Gesch\u00e4tzte Lesezeit\" \/>\n\t<meta name=\"twitter:data1\" content=\"3\u00a0Minuten\" \/>\n<script type=\"application\/ld+json\" class=\"yoast-schema-graph\">{\"@context\":\"https:\/\/schema.org\",\"@graph\":[{\"@type\":\"WebPage\",\"@id\":\"https:\/\/collall.nl\/de\/product\/collall-tacky-glue-2\/\",\"url\":\"https:\/\/collall.nl\/de\/product\/collall-tacky-glue-2\/\",\"name\":\"Collall Tacky Glue - Collall\",\"isPartOf\":{\"@id\":\"https:\/\/collall.nl\/#website\"},\"primaryImageOfPage\":{\"@id\":\"https:\/\/collall.nl\/de\/product\/collall-tacky-glue-2\/#primaryimage\"},\"image\":{\"@id\":\"https:\/\/collall.nl\/de\/product\/collall-tacky-glue-2\/#primaryimage\"},\"thumbnailUrl\":\"https:\/\/collall.nl\/wp-content\/uploads\/2022\/03\/Tacky-1.webp\",\"datePublished\":\"2022-03-01T09:20:57+00:00\",\"dateModified\":\"2025-05-08T10:44:30+00:00\",\"description\":\"Vielseitigeder ultimative Kleber f\u00fcr Hobby und Haushalt. Tacky Glue ist einfach in der Anwendung und ist bleibend flexibel.\",\"breadcrumb\":{\"@id\":\"https:\/\/collall.nl\/de\/product\/collall-tacky-glue-2\/#breadcrumb\"},\"inLanguage\":\"de\",\"potentialAction\":[{\"@type\":\"ReadAction\",\"target\":[\"https:\/\/collall.nl\/de\/product\/collall-tacky-glue-2\/\"]}]},{\"@type\":\"ImageObject\",\"inLanguage\":\"de\",\"@id\":\"https:\/\/collall.nl\/de\/product\/collall-tacky-glue-2\/#primaryimage\",\"url\":\"https:\/\/collall.nl\/wp-content\/uploads\/2022\/03\/Tacky-1.webp\",\"contentUrl\":\"https:\/\/collall.nl\/wp-content\/uploads\/2022\/03\/Tacky-1.webp\",\"width\":1000,\"height\":1000},{\"@type\":\"BreadcrumbList\",\"@id\":\"https:\/\/collall.nl\/de\/product\/collall-tacky-glue-2\/#breadcrumb\",\"itemListElement\":[{\"@type\":\"ListItem\",\"position\":1,\"name\":\"Home\",\"item\":\"https:\/\/collall.nl\/de\/\"},{\"@type\":\"ListItem\",\"position\":2,\"name\":\"Produkte\",\"item\":\"https:\/\/collall.nl\/de\/produkte\/\"},{\"@type\":\"ListItem\",\"position\":3,\"name\":\"Collall Tacky Glue\"}]},{\"@type\":\"WebSite\",\"@id\":\"https:\/\/collall.nl\/#website\",\"url\":\"https:\/\/collall.nl\/\",\"name\":\"Collall\",\"description\":\"Adhesives &amp; Paints since 1949\",\"publisher\":{\"@id\":\"https:\/\/collall.nl\/#organization\"},\"potentialAction\":[{\"@type\":\"SearchAction\",\"target\":{\"@type\":\"EntryPoint\",\"urlTemplate\":\"https:\/\/collall.nl\/?s={search_term_string}\"},\"query-input\":{\"@type\":\"PropertyValueSpecification\",\"valueRequired\":true,\"valueName\":\"search_term_string\"}}],\"inLanguage\":\"de\"},{\"@type\":\"Organization\",\"@id\":\"https:\/\/collall.nl\/#organization\",\"name\":\"Collall B.V.\",\"url\":\"https:\/\/collall.nl\/\",\"logo\":{\"@type\":\"ImageObject\",\"inLanguage\":\"de\",\"@id\":\"https:\/\/collall.nl\/#\/schema\/logo\/image\/\",\"url\":\"https:\/\/collall.nl\/wp-content\/uploads\/2022\/08\/Collall-logo-186C_Reflex-blue.jpg\",\"contentUrl\":\"https:\/\/collall.nl\/wp-content\/uploads\/2022\/08\/Collall-logo-186C_Reflex-blue.jpg\",\"width\":1963,\"height\":1179,\"caption\":\"Collall B.V.\"},\"image\":{\"@id\":\"https:\/\/collall.nl\/#\/schema\/logo\/image\/\"},\"sameAs\":[\"https:\/\/www.facebook.com\/people\/Collall\/100064976852539\/\",\"https:\/\/www.instagram.com\/collall_1949\/\",\"https:\/\/nl.pinterest.com\/CollallBV\/\",\"https:\/\/www.youtube.com\/channel\/UCrCGuwth_udZhTqJSh5g9zg\"]}]}<\/script>\n<!-- \/ Yoast SEO plugin. -->","yoast_head_json":{"title":"Collall Tacky Glue - Collall","description":"Vielseitigeder ultimative Kleber f\u00fcr Hobby und Haushalt. Tacky Glue ist einfach in der Anwendung und ist bleibend flexibel.","robots":{"index":"index","follow":"follow","max-snippet":"max-snippet:-1","max-image-preview":"max-image-preview:large","max-video-preview":"max-video-preview:-1"},"canonical":"https:\/\/collall.nl\/de\/product\/collall-tacky-glue-2\/","og_locale":"de_DE","og_type":"article","og_title":"Collall Tacky Glue - Collall","og_description":"Vielseitigeder ultimative Kleber f\u00fcr Hobby und Haushalt. Tacky Glue ist einfach in der Anwendung und ist bleibend flexibel.","og_url":"https:\/\/collall.nl\/de\/product\/collall-tacky-glue-2\/","og_site_name":"Collall","article_publisher":"https:\/\/www.facebook.com\/people\/Collall\/100064976852539\/","article_modified_time":"2025-05-08T10:44:30+00:00","og_image":[{"width":1000,"height":1000,"url":"https:\/\/collall.nl\/wp-content\/uploads\/2022\/03\/Collall-COLTG100-Tacky-Glue.jpg","type":"image\/jpeg"}],"twitter_card":"summary_large_image","twitter_misc":{"Gesch\u00e4tzte Lesezeit":"3\u00a0Minuten"},"schema":{"@context":"https:\/\/schema.org","@graph":[{"@type":"WebPage","@id":"https:\/\/collall.nl\/de\/product\/collall-tacky-glue-2\/","url":"https:\/\/collall.nl\/de\/product\/collall-tacky-glue-2\/","name":"Collall Tacky Glue - Collall","isPartOf":{"@id":"https:\/\/collall.nl\/#website"},"primaryImageOfPage":{"@id":"https:\/\/collall.nl\/de\/product\/collall-tacky-glue-2\/#primaryimage"},"image":{"@id":"https:\/\/collall.nl\/de\/product\/collall-tacky-glue-2\/#primaryimage"},"thumbnailUrl":"https:\/\/collall.nl\/wp-content\/uploads\/2022\/03\/Tacky-1.webp","datePublished":"2022-03-01T09:20:57+00:00","dateModified":"2025-05-08T10:44:30+00:00","description":"Vielseitigeder ultimative Kleber f\u00fcr Hobby und Haushalt. Tacky Glue ist einfach in der Anwendung und ist bleibend flexibel.","breadcrumb":{"@id":"https:\/\/collall.nl\/de\/product\/collall-tacky-glue-2\/#breadcrumb"},"inLanguage":"de","potentialAction":[{"@type":"ReadAction","target":["https:\/\/collall.nl\/de\/product\/collall-tacky-glue-2\/"]}]},{"@type":"ImageObject","inLanguage":"de","@id":"https:\/\/collall.nl\/de\/product\/collall-tacky-glue-2\/#primaryimage","url":"https:\/\/collall.nl\/wp-content\/uploads\/2022\/03\/Tacky-1.webp","contentUrl":"https:\/\/collall.nl\/wp-content\/uploads\/2022\/03\/Tacky-1.webp","width":1000,"height":1000},{"@type":"BreadcrumbList","@id":"https:\/\/collall.nl\/de\/product\/collall-tacky-glue-2\/#breadcrumb","itemListElement":[{"@type":"ListItem","position":1,"name":"Home","item":"https:\/\/collall.nl\/de\/"},{"@type":"ListItem","position":2,"name":"Produkte","item":"https:\/\/collall.nl\/de\/produkte\/"},{"@type":"ListItem","position":3,"name":"Collall Tacky Glue"}]},{"@type":"WebSite","@id":"https:\/\/collall.nl\/#website","url":"https:\/\/collall.nl\/","name":"Collall","description":"Adhesives &amp; Paints since 1949","publisher":{"@id":"https:\/\/collall.nl\/#organization"},"potentialAction":[{"@type":"SearchAction","target":{"@type":"EntryPoint","urlTemplate":"https:\/\/collall.nl\/?s={search_term_string}"},"query-input":{"@type":"PropertyValueSpecification","valueRequired":true,"valueName":"search_term_string"}}],"inLanguage":"de"},{"@type":"Organization","@id":"https:\/\/collall.nl\/#organization","name":"Collall B.V.","url":"https:\/\/collall.nl\/","logo":{"@type":"ImageObject","inLanguage":"de","@id":"https:\/\/collall.nl\/#\/schema\/logo\/image\/","url":"https:\/\/collall.nl\/wp-content\/uploads\/2022\/08\/Collall-logo-186C_Reflex-blue.jpg","contentUrl":"https:\/\/collall.nl\/wp-content\/uploads\/2022\/08\/Collall-logo-186C_Reflex-blue.jpg","width":1963,"height":1179,"caption":"Collall B.V."},"image":{"@id":"https:\/\/collall.nl\/#\/schema\/logo\/image\/"},"sameAs":["https:\/\/www.facebook.com\/people\/Collall\/100064976852539\/","https:\/\/www.instagram.com\/collall_1949\/","https:\/\/nl.pinterest.com\/CollallBV\/","https:\/\/www.youtube.com\/channel\/UCrCGuwth_udZhTqJSh5g9zg"]}]}},"_links":{"self":[{"href":"https:\/\/collall.nl\/de\/wp-json\/wp\/v2\/product\/10452","targetHints":{"allow":["GET"]}}],"collection":[{"href":"https:\/\/collall.nl\/de\/wp-json\/wp\/v2\/product"}],"about":[{"href":"https:\/\/collall.nl\/de\/wp-json\/wp\/v2\/types\/product"}],"replies":[{"embeddable":true,"href":"https:\/\/collall.nl\/de\/wp-json\/wp\/v2\/comments?post=10452"}],"wp:featuredmedia":[{"embeddable":true,"href":"https:\/\/collall.nl\/de\/wp-json\/wp\/v2\/media\/31983"}],"wp:attachment":[{"href":"https:\/\/collall.nl\/de\/wp-json\/wp\/v2\/media?parent=10452"}],"wp:term":[{"taxonomy":"product_brand","embeddable":true,"href":"https:\/\/collall.nl\/de\/wp-json\/wp\/v2\/product_brand?post=10452"},{"taxonomy":"product_cat","embeddable":true,"href":"https:\/\/collall.nl\/de\/wp-json\/wp\/v2\/product_cat?post=10452"},{"taxonomy":"product_tag","embeddable":true,"href":"https:\/\/collall.nl\/de\/wp-json\/wp\/v2\/product_tag?post=10452"}],"curies":[{"name":"wp","href":"https:\/\/api.w.org\/{rel}","templated":true}]}}