{"id":10420,"date":"2022-03-01T09:20:50","date_gmt":"2022-03-01T09:20:51","guid":{"rendered":"http:\/\/collall.test\/product\/collall-playcoll-2\/"},"modified":"2025-03-25T11:29:17","modified_gmt":"2025-03-25T10:29:17","slug":"collall-playcoll-2","status":"publish","type":"product","link":"https:\/\/collall.nl\/de\/product\/collall-playcoll-2\/","title":{"rendered":"Collall Playcoll"},"content":{"rendered":"<p class=\"p1\"><b>Anwendung: <\/b>Collall Playcoll ist ein dickfl\u00fcssiger, blauer Klebstoff auf Wasserbasis, der speziell f\u00fcr den Gebrauch durch Kleinkinder entwickelt wurde. Wie der Name schon verr\u00e4t, handelt es sich um einen Kleber, mit dem Kinder spielerisch das Basteln lernen k\u00f6nnen. PlayColl besteht zu 99% aus nat\u00fcrlichen Rohstoffen. Die blaue Farbe wird transparent, wenn der Kleber getrocknet ist. Dieser Kleber eignet sich hervorragend zum Kleben von Papier, Karton und anderen leichten Materialien bei allen Bastelaktivit\u00e4ten in der Klasse, im Kindergarten oder zu Hause. Auch ideal f\u00fcr die Verwendung bei Papiermach\u00e9.<\/p>\n<p>Was diesen Klebstoff besonders macht, ist, dass er leicht von den H\u00e4nden der Kleinkinder entfernt werden kann.<\/p>\n<p>Collall PlayColl enth\u00e4lt einen Bitterstoff, der verhindert, dass Kinder den Kleber gerne in den Mund nehmen.<\/p>\n<p class=\"p1\"><b>Aussehen und Geruch:<\/b><\/p>\n<ul class=\"ul1\">\n<li class=\"li1\">Dickfl\u00fcssig blauer Kleber<\/li>\n<li class=\"li1\">Geruchlos<\/li>\n<li class=\"li1\">Leicht auswaschbar<\/li>\n<li class=\"li1\">Trocknet transparant aus<\/li>\n<\/ul>\n<p class=\"p1\"><b>L\u00f6sungsmittel:<\/b>\u00a0Wasser<\/p>\n<p class=\"p1\"><b>Hauptinhaltsstoff:\u00a0<\/b>Carboxymethylcellulose<\/p>\n<p class=\"p1\"><b>Nat\u00fcrliche Inhaltsstoffe:<\/b> 99%<\/p>\n<p class=\"p1\"><b>Viskosit\u00e4t:<\/b> 12.000 mPa.s<\/p>\n<p class=\"p1\"><b>pH:\u00a0<\/b>7,5<\/p>\n<p class=\"p1\"><b>Dichte:<\/b>\u00a01,01 g\/dm\u00b3<\/p>\n<p class=\"p1\"><b>CE:<\/b>\u00a0Ja<\/p>\n<p class=\"p1\"><b>Leimverbrauch:\u00a0<\/b>Abh\u00e4ngig von der Saugf\u00e4higkeit der zu verklebenden Materialien etwa 100 bis 150 Gramm pro Quadratmeter, einseitig aufgetragen.<\/p>\n<p class=\"p1\"><b>Verwendung:<\/b><\/p>\n<ul class=\"ul1\">\n<li class=\"li1\">Idealerweise bei Raumtemperatur verwenden.<\/li>\n<li class=\"li1\">Die zu klebenden Materialien sollten trocken und frei von Staub und Schmutz sein.<\/li>\n<li class=\"li1\">Direkt aus der Flasche auf die Oberfl\u00e4che auftragen und gegebenenfalls mit einem\u00a0<a href=\"https:\/\/collall.nl\/de\/product\/colorall-leimpinsel-leimspachtel\/\"><span class=\"s2\">Spachtel oder Pinsel<\/span><\/a>\u00a0verteilen.<\/li>\n<li class=\"li1\">Der Klebstoff kann einseitig oder zweiseitig aufgetragen werden.<\/li>\n<\/ul>\n<p class=\"p1\"><b>Allergene:<\/b>\u00a0Enth\u00e4lt CMIT\/MIT.\u00a0Kann allergische Reaktionen hervorrufen.<\/p>\n<p class=\"p1\"><b>Geeignet f\u00fcr:\u00a0<\/b>Kinder ab 3 Jahren. Enth\u00e4lt Bitter.<\/p>\n<p class=\"p1\"><b>Reinigung:<\/b><\/p>\n<ul class=\"ul1\">\n<li class=\"li1\">Der Kleber l\u00e4sst sich leicht (ohne Wasser) von Kinderh\u00e4nden entfernen.<\/li>\n<li class=\"li1\">Wenn der Kleber noch feucht ist, k\u00f6nnen Werkzeuge\/Oberfl\u00e4chen einfach mit Wasser gereinigt werden.<\/li>\n<li class=\"li1\">Leicht mit kaltem\/warmem Wasser von Hand oder in der Waschmaschine auswaschbar.<\/li>\n<\/ul>\n<h4><strong>Basteln f\u00fcr die Entwicklung von Kleinkindern<\/strong><\/h4>\n<p>Basteln ist eine besonders wertvolle Aktivit\u00e4t f\u00fcr Kleinkinder, da es nicht nur Spa\u00df macht, sondern auch eine Vielzahl von Vorteilen f\u00fcr ihre gesamte Entwicklung bietet. Es f\u00f6rdert die Kreativit\u00e4t, indem es Kleinkinder herausfordert, ihre Vorstellungskraft zu nutzen und neue Ideen zu erkunden.<\/p>\n<p><strong>Motorische F\u00e4higkeiten<\/strong><\/p>\n<p>Durch T\u00e4tigkeiten wie Malen, Kneten, Schneiden und Kleben sowie den Umgang mit verschiedenen Materialien entwickelt sich die Feinmotorik schneller. Andere feine motorische F\u00e4higkeiten wie das Binden von Schn\u00fcrsenkeln oder das Schreiben werden dadurch ebenfalls schneller erlernt. Basteln verbessert die Konzentration und den Fokus. Durch das Basteln k\u00f6nnen Kleinkinder ihre eigenen Ideen zum Leben erwecken und einzigartige Kunstwerke schaffen. Dies hilft bei der Entwicklung kognitiver F\u00e4higkeiten und f\u00f6rdert die Probleml\u00f6sungsf\u00e4higkeiten.<\/p>\n<p><strong>Kreative Aktivit\u00e4ten im Klassenzimmer, Bedeutung und Spa\u00df am Basteln<\/strong><\/p>\n<p>Durch die Integration von Basteln und anderen kreativen Aktivit\u00e4ten in den Unterricht werden viele verschiedene Entwicklungsbereiche von Kindern angeregt. Dazu geh\u00f6ren Selbstvertrauen, Motorik und Einfallsreichtum. Kinder experimentieren und probieren Dinge aus. Dadurch lernen sie, was funktioniert und was nicht.<\/p>\n","protected":false},"excerpt":{"rendered":"<p>Collall Playcoll ist speziell entwickelt f\u00fcr die kleine Kinder um spielend mit Leim arbeiten zu lernen. Der Leim trocknet transparent aus und ist einfach <strong>(ohne Wasser !)<\/strong> von der Kinderhand zu entfernen.<\/p>\n","protected":false},"featured_media":18935,"comment_status":"open","ping_status":"closed","template":"","meta":{"_acf_changed":false},"product_brand":[],"product_cat":[176],"product_tag":[],"class_list":{"0":"post-10420","1":"product","2":"type-product","3":"status-publish","4":"has-post-thumbnail","6":"product_cat-kleber-und-lackleim","8":"first","9":"instock","10":"shipping-taxable","11":"purchasable","12":"product-type-variable"},"acf":[],"yoast_head":"<!-- This site is optimized with the Yoast SEO plugin v27.2 - https:\/\/yoast.com\/product\/yoast-seo-wordpress\/ -->\n<title>Collall Playcoll - Collall<\/title>\n<meta name=\"description\" content=\"Collall Playcoll ist speziell entwickelt f\u00fcr die kleine Kinder um spielend mit Leim arbeiten zu lernen. Der Leim trocknet transparent aus.\" \/>\n<meta name=\"robots\" content=\"index, follow, max-snippet:-1, max-image-preview:large, max-video-preview:-1\" \/>\n<link rel=\"canonical\" href=\"https:\/\/collall.nl\/de\/product\/collall-playcoll-2\/\" \/>\n<meta property=\"og:locale\" content=\"de_DE\" \/>\n<meta property=\"og:type\" content=\"article\" \/>\n<meta property=\"og:title\" content=\"Collall Playcoll - Collall\" \/>\n<meta property=\"og:description\" content=\"Collall Playcoll ist speziell entwickelt f\u00fcr die kleine Kinder um spielend mit Leim arbeiten zu lernen. Der Leim trocknet transparent aus.\" \/>\n<meta property=\"og:url\" content=\"https:\/\/collall.nl\/de\/product\/collall-playcoll-2\/\" \/>\n<meta property=\"og:site_name\" content=\"Collall\" \/>\n<meta property=\"article:publisher\" content=\"https:\/\/www.facebook.com\/people\/Collall\/100064976852539\/\" \/>\n<meta property=\"article:modified_time\" content=\"2025-03-25T10:29:17+00:00\" \/>\n<meta property=\"og:image\" content=\"https:\/\/collall.nl\/wp-content\/uploads\/2022\/03\/COLPC0100.jpg\" \/>\n\t<meta property=\"og:image:width\" content=\"800\" \/>\n\t<meta property=\"og:image:height\" content=\"800\" \/>\n\t<meta property=\"og:image:type\" content=\"image\/jpeg\" \/>\n<meta name=\"twitter:card\" content=\"summary_large_image\" \/>\n<meta name=\"twitter:label1\" content=\"Gesch\u00e4tzte Lesezeit\" \/>\n\t<meta name=\"twitter:data1\" content=\"3\u00a0Minuten\" \/>\n<script type=\"application\/ld+json\" class=\"yoast-schema-graph\">{\"@context\":\"https:\/\/schema.org\",\"@graph\":[{\"@type\":\"WebPage\",\"@id\":\"https:\/\/collall.nl\/de\/product\/collall-playcoll-2\/\",\"url\":\"https:\/\/collall.nl\/de\/product\/collall-playcoll-2\/\",\"name\":\"Collall Playcoll - Collall\",\"isPartOf\":{\"@id\":\"https:\/\/collall.nl\/#website\"},\"primaryImageOfPage\":{\"@id\":\"https:\/\/collall.nl\/de\/product\/collall-playcoll-2\/#primaryimage\"},\"image\":{\"@id\":\"https:\/\/collall.nl\/de\/product\/collall-playcoll-2\/#primaryimage\"},\"thumbnailUrl\":\"https:\/\/collall.nl\/wp-content\/uploads\/2022\/03\/COLPC0100.jpg\",\"datePublished\":\"2022-03-01T09:20:51+00:00\",\"dateModified\":\"2025-03-25T10:29:17+00:00\",\"description\":\"Collall Playcoll ist speziell entwickelt f\u00fcr die kleine Kinder um spielend mit Leim arbeiten zu lernen. Der Leim trocknet transparent aus.\",\"breadcrumb\":{\"@id\":\"https:\/\/collall.nl\/de\/product\/collall-playcoll-2\/#breadcrumb\"},\"inLanguage\":\"de\",\"potentialAction\":[{\"@type\":\"ReadAction\",\"target\":[\"https:\/\/collall.nl\/de\/product\/collall-playcoll-2\/\"]}]},{\"@type\":\"ImageObject\",\"inLanguage\":\"de\",\"@id\":\"https:\/\/collall.nl\/de\/product\/collall-playcoll-2\/#primaryimage\",\"url\":\"https:\/\/collall.nl\/wp-content\/uploads\/2022\/03\/COLPC0100.jpg\",\"contentUrl\":\"https:\/\/collall.nl\/wp-content\/uploads\/2022\/03\/COLPC0100.jpg\",\"width\":800,\"height\":800},{\"@type\":\"BreadcrumbList\",\"@id\":\"https:\/\/collall.nl\/de\/product\/collall-playcoll-2\/#breadcrumb\",\"itemListElement\":[{\"@type\":\"ListItem\",\"position\":1,\"name\":\"Home\",\"item\":\"https:\/\/collall.nl\/de\/hauptseite\/\"},{\"@type\":\"ListItem\",\"position\":2,\"name\":\"Produkte\",\"item\":\"https:\/\/collall.nl\/de\/produkte\/\"},{\"@type\":\"ListItem\",\"position\":3,\"name\":\"Collall Playcoll\"}]},{\"@type\":\"WebSite\",\"@id\":\"https:\/\/collall.nl\/#website\",\"url\":\"https:\/\/collall.nl\/\",\"name\":\"Collall\",\"description\":\"Adhesives &amp; Paints since 1949\",\"publisher\":{\"@id\":\"https:\/\/collall.nl\/#organization\"},\"potentialAction\":[{\"@type\":\"SearchAction\",\"target\":{\"@type\":\"EntryPoint\",\"urlTemplate\":\"https:\/\/collall.nl\/?s={search_term_string}\"},\"query-input\":{\"@type\":\"PropertyValueSpecification\",\"valueRequired\":true,\"valueName\":\"search_term_string\"}}],\"inLanguage\":\"de\"},{\"@type\":\"Organization\",\"@id\":\"https:\/\/collall.nl\/#organization\",\"name\":\"Collall B.V.\",\"url\":\"https:\/\/collall.nl\/\",\"logo\":{\"@type\":\"ImageObject\",\"inLanguage\":\"de\",\"@id\":\"https:\/\/collall.nl\/#\/schema\/logo\/image\/\",\"url\":\"https:\/\/collall.nl\/wp-content\/uploads\/2022\/08\/Collall-logo-186C_Reflex-blue.jpg\",\"contentUrl\":\"https:\/\/collall.nl\/wp-content\/uploads\/2022\/08\/Collall-logo-186C_Reflex-blue.jpg\",\"width\":1963,\"height\":1179,\"caption\":\"Collall B.V.\"},\"image\":{\"@id\":\"https:\/\/collall.nl\/#\/schema\/logo\/image\/\"},\"sameAs\":[\"https:\/\/www.facebook.com\/people\/Collall\/100064976852539\/\",\"https:\/\/www.instagram.com\/collall_1949\/\",\"https:\/\/nl.pinterest.com\/CollallBV\/\",\"https:\/\/www.youtube.com\/channel\/UCrCGuwth_udZhTqJSh5g9zg\"]}]}<\/script>\n<!-- \/ Yoast SEO plugin. -->","yoast_head_json":{"title":"Collall Playcoll - Collall","description":"Collall Playcoll ist speziell entwickelt f\u00fcr die kleine Kinder um spielend mit Leim arbeiten zu lernen. Der Leim trocknet transparent aus.","robots":{"index":"index","follow":"follow","max-snippet":"max-snippet:-1","max-image-preview":"max-image-preview:large","max-video-preview":"max-video-preview:-1"},"canonical":"https:\/\/collall.nl\/de\/product\/collall-playcoll-2\/","og_locale":"de_DE","og_type":"article","og_title":"Collall Playcoll - Collall","og_description":"Collall Playcoll ist speziell entwickelt f\u00fcr die kleine Kinder um spielend mit Leim arbeiten zu lernen. Der Leim trocknet transparent aus.","og_url":"https:\/\/collall.nl\/de\/product\/collall-playcoll-2\/","og_site_name":"Collall","article_publisher":"https:\/\/www.facebook.com\/people\/Collall\/100064976852539\/","article_modified_time":"2025-03-25T10:29:17+00:00","og_image":[{"width":800,"height":800,"url":"https:\/\/collall.nl\/wp-content\/uploads\/2022\/03\/COLPC0100.jpg","type":"image\/jpeg"}],"twitter_card":"summary_large_image","twitter_misc":{"Gesch\u00e4tzte Lesezeit":"3\u00a0Minuten"},"schema":{"@context":"https:\/\/schema.org","@graph":[{"@type":"WebPage","@id":"https:\/\/collall.nl\/de\/product\/collall-playcoll-2\/","url":"https:\/\/collall.nl\/de\/product\/collall-playcoll-2\/","name":"Collall Playcoll - Collall","isPartOf":{"@id":"https:\/\/collall.nl\/#website"},"primaryImageOfPage":{"@id":"https:\/\/collall.nl\/de\/product\/collall-playcoll-2\/#primaryimage"},"image":{"@id":"https:\/\/collall.nl\/de\/product\/collall-playcoll-2\/#primaryimage"},"thumbnailUrl":"https:\/\/collall.nl\/wp-content\/uploads\/2022\/03\/COLPC0100.jpg","datePublished":"2022-03-01T09:20:51+00:00","dateModified":"2025-03-25T10:29:17+00:00","description":"Collall Playcoll ist speziell entwickelt f\u00fcr die kleine Kinder um spielend mit Leim arbeiten zu lernen. Der Leim trocknet transparent aus.","breadcrumb":{"@id":"https:\/\/collall.nl\/de\/product\/collall-playcoll-2\/#breadcrumb"},"inLanguage":"de","potentialAction":[{"@type":"ReadAction","target":["https:\/\/collall.nl\/de\/product\/collall-playcoll-2\/"]}]},{"@type":"ImageObject","inLanguage":"de","@id":"https:\/\/collall.nl\/de\/product\/collall-playcoll-2\/#primaryimage","url":"https:\/\/collall.nl\/wp-content\/uploads\/2022\/03\/COLPC0100.jpg","contentUrl":"https:\/\/collall.nl\/wp-content\/uploads\/2022\/03\/COLPC0100.jpg","width":800,"height":800},{"@type":"BreadcrumbList","@id":"https:\/\/collall.nl\/de\/product\/collall-playcoll-2\/#breadcrumb","itemListElement":[{"@type":"ListItem","position":1,"name":"Home","item":"https:\/\/collall.nl\/de\/hauptseite\/"},{"@type":"ListItem","position":2,"name":"Produkte","item":"https:\/\/collall.nl\/de\/produkte\/"},{"@type":"ListItem","position":3,"name":"Collall Playcoll"}]},{"@type":"WebSite","@id":"https:\/\/collall.nl\/#website","url":"https:\/\/collall.nl\/","name":"Collall","description":"Adhesives &amp; Paints since 1949","publisher":{"@id":"https:\/\/collall.nl\/#organization"},"potentialAction":[{"@type":"SearchAction","target":{"@type":"EntryPoint","urlTemplate":"https:\/\/collall.nl\/?s={search_term_string}"},"query-input":{"@type":"PropertyValueSpecification","valueRequired":true,"valueName":"search_term_string"}}],"inLanguage":"de"},{"@type":"Organization","@id":"https:\/\/collall.nl\/#organization","name":"Collall B.V.","url":"https:\/\/collall.nl\/","logo":{"@type":"ImageObject","inLanguage":"de","@id":"https:\/\/collall.nl\/#\/schema\/logo\/image\/","url":"https:\/\/collall.nl\/wp-content\/uploads\/2022\/08\/Collall-logo-186C_Reflex-blue.jpg","contentUrl":"https:\/\/collall.nl\/wp-content\/uploads\/2022\/08\/Collall-logo-186C_Reflex-blue.jpg","width":1963,"height":1179,"caption":"Collall B.V."},"image":{"@id":"https:\/\/collall.nl\/#\/schema\/logo\/image\/"},"sameAs":["https:\/\/www.facebook.com\/people\/Collall\/100064976852539\/","https:\/\/www.instagram.com\/collall_1949\/","https:\/\/nl.pinterest.com\/CollallBV\/","https:\/\/www.youtube.com\/channel\/UCrCGuwth_udZhTqJSh5g9zg"]}]}},"_links":{"self":[{"href":"https:\/\/collall.nl\/de\/wp-json\/wp\/v2\/product\/10420","targetHints":{"allow":["GET"]}}],"collection":[{"href":"https:\/\/collall.nl\/de\/wp-json\/wp\/v2\/product"}],"about":[{"href":"https:\/\/collall.nl\/de\/wp-json\/wp\/v2\/types\/product"}],"replies":[{"embeddable":true,"href":"https:\/\/collall.nl\/de\/wp-json\/wp\/v2\/comments?post=10420"}],"wp:featuredmedia":[{"embeddable":true,"href":"https:\/\/collall.nl\/de\/wp-json\/wp\/v2\/media\/18935"}],"wp:attachment":[{"href":"https:\/\/collall.nl\/de\/wp-json\/wp\/v2\/media?parent=10420"}],"wp:term":[{"taxonomy":"product_brand","embeddable":true,"href":"https:\/\/collall.nl\/de\/wp-json\/wp\/v2\/product_brand?post=10420"},{"taxonomy":"product_cat","embeddable":true,"href":"https:\/\/collall.nl\/de\/wp-json\/wp\/v2\/product_cat?post=10420"},{"taxonomy":"product_tag","embeddable":true,"href":"https:\/\/collall.nl\/de\/wp-json\/wp\/v2\/product_tag?post=10420"}],"curies":[{"name":"wp","href":"https:\/\/api.w.org\/{rel}","templated":true}]}}