{"id":10376,"date":"2022-03-01T09:20:37","date_gmt":"2022-03-01T09:20:38","guid":{"rendered":"http:\/\/collall.test\/product\/collall-decoupage-kleber\/"},"modified":"2025-04-03T13:41:39","modified_gmt":"2025-04-03T11:41:39","slug":"collall-decoupage-kleber","status":"publish","type":"product","link":"https:\/\/collall.nl\/de\/product\/collall-decoupage-kleber\/","title":{"rendered":"Collall Decoupage-Kleber"},"content":{"rendered":"<p><strong>Anwendung:<\/strong> Mit Collall Decoupage-Kleber k\u00f6nnen Sie verschiedene Decoupage-Techniken anwenden. Verarbeiten Sie Bilder und Dekorationen (Papierservietten, Seidenpapier, gedruckte Bilder) auf verschiedenen Oberfl\u00e4chen (Papier, Karton, Holz, Textilien und Stein).<\/p>\n<p><strong>Eigenschaften:<\/strong><\/p>\n<ul>\n<li>Wei\u00dfe\/gelbliche d\u00fcnne Fl\u00fcssigkeit<\/li>\n<li>Schnell trocknend<\/li>\n<li>Starke Haftung<\/li>\n<li>Flexibel<\/li>\n<li>Transparent nach dem Trocknen<\/li>\n<\/ul>\n<p><strong>L\u00f6sungsmittel:<\/strong> Wasser<\/p>\n<p><strong>Hauptbestandteil:<\/strong> Acrylat<\/p>\n<p class=\"p1\"><b>Nat\u00fcrliche Inhaltsstoffe:<\/b> 50%<\/p>\n<p class=\"p1\"><b>Viskosit\u00e4t:<\/b> 3.000 mPa.s<\/p>\n<p><strong>pH:<\/strong> 8<\/p>\n<p><strong>Klebstoffverbrauch:<\/strong> ca. 150 g\/m\u00b2<\/p>\n<p><strong>CE:<\/strong> \u2013<\/p>\n<p><strong>Verarbeitung:<\/strong><\/p>\n<ul>\n<li>Die zu verklebenden Materialien m\u00fcssen trocken und frei von Staub und Schmutz sein.<\/li>\n<li>Den Kleber mit einem Klebepinsel auf die zu verklebende Oberfl\u00e4che auftragen.<\/li>\n<li>Sobald der Kleber getrocknet ist, kann eine gl\u00e4nzende Schutzschicht mit Collall Decoupage-Lack aufgetragen werden.<\/li>\n<\/ul>\n<p><strong>Allergene:<\/strong> Enth\u00e4lt CMIT\/MIT. Kann allergische Reaktionen hervorrufen.<\/p>\n<p><strong>Geeignet:<\/strong> Ab 8 Jahren.<\/p>\n<p><strong>Reinigung:<\/strong><\/p>\n<ul>\n<li>Werkzeuge k\u00f6nnen mit Wasser gereinigt werden, solange der Kleber noch feucht ist (ein synthetisches Reinigungsmittel kann dem Wasser hinzugef\u00fcgt werden).<\/li>\n<li>Getrocknete Klebstoffflecken einweichen in warmem Wasser und anschlie\u00dfend mit einer B\u00fcrste entfernen.<\/li>\n<\/ul>\n<p>&nbsp;<\/p>\n<h4><strong>Was sind Decoupage-Techniken?<\/strong><\/h4>\n<p>Decoupage ist eine kreative Technik, bei der Bilder oder Dekorationen (wie Papier, Servietten oder Stoff) auf eine Oberfl\u00e4che aufgebracht und mit einer Schicht aus Kleber und Lack fixiert werden. Das Ergebnis ist eine glatte, professionelle Oberfl\u00e4che, die wie gemalt aussieht. Decoupage kann verwendet werden, um Alltagsgegenst\u00e4nde in einzigartige Kunstwerke zu verwandeln.<\/p>\n<p><strong>Beispiele f\u00fcr Decoupage-Projekte:<\/strong><\/p>\n<ol>\n<li><strong>M\u00f6bel dekorieren:<\/strong> Verleihen Sie einem alten Tisch, Stuhl oder Schrank ein neues Aussehen, indem Sie Bilder oder dekoratives Papier hinzuf\u00fcgen.<\/li>\n<li><strong>Personalisierte Geschenke:<\/strong> Verzieren Sie Boxen, Bilderrahmen oder Kerzenhalter mit Bildern, Servietten oder Stoff.<\/li>\n<li><strong>DIY-Wohnaccessoires:<\/strong> Erstellen Sie Kunstwerke auf Leinwand, fr\u00f6hliche Blument\u00f6pfe oder einzigartige Gem\u00e4lde.<\/li>\n<li><strong>Upcycling von Objekten:<\/strong> Wiederverwenden Sie Glasgef\u00e4\u00dfe, Flaschen oder alte Dosen, indem Sie sie mit Seidenpapier oder Servietten dekorieren.<\/li>\n<\/ol>\n<p><strong>Anleitung f\u00fcr die Verwendung von Collall Decoupage-Kleber:<\/strong><\/p>\n<ol>\n<li><strong>Materialien ausw\u00e4hlen:<\/strong>\n<ul>\n<li>Sammeln Sie Dekorationen wie Papierservietten, Seidenpapier oder gedruckte Bilder.<\/li>\n<li>Stellen Sie sicher, dass die Oberfl\u00e4che sauber und trocken ist. Geeignete Oberfl\u00e4chen sind Papier, Karton, Holz, Textilien oder Stein.<\/li>\n<\/ul>\n<\/li>\n<li><strong>Das Bild vorbereiten:<\/strong>\n<ul>\n<li>Schneiden oder rei\u00dfen Sie das dekorative Papier in die gew\u00fcnschte Form oder Gr\u00f6\u00dfe.<\/li>\n<li>Verwenden Sie bei Servietten nur die oberste bedruckte Schicht.<\/li>\n<\/ul>\n<\/li>\n<li><strong>Auftragen des Collall Decoupage-Klebers:<\/strong>\n<ul>\n<li>Tragen Sie eine d\u00fcnne Schicht Collall Decoupage-Kleber auf die Oberfl\u00e4che auf, wo Sie das dekorative Papier platzieren m\u00f6chten.<\/li>\n<li>Legen Sie das dekorative Papier vorsichtig auf den Kleber. Gl\u00e4tten Sie Luftblasen und Falten mit einem Pinsel oder Ihren Fingern.<\/li>\n<\/ul>\n<\/li>\n<li><strong>Trocknen lassen:<\/strong>\n<ul>\n<li>Lassen Sie das Werkst\u00fcck vollst\u00e4ndig trocknen. Der Kleber trocknet transparent, wodurch eine glatte und professionelle Optik entsteht.<\/li>\n<\/ul>\n<\/li>\n<li><strong>Fixieren und Sch\u00fctzen mit Collall Decoupage-Lack:<\/strong>\n<ul>\n<li>F\u00fcr zus\u00e4tzlichen Schutz oder eine gl\u00e4nzende Optik k\u00f6nnen Sie nach dem Trocknen Lack auftragen.<\/li>\n<li>Tragen Sie eine zweite d\u00fcnne Schicht Collall Decoupage-Lack als Schutzschicht \u00fcber das Bild auf.<\/li>\n<\/ul>\n<\/li>\n<\/ol>\n<p>Mit Collall Decoupage-Kleber k\u00f6nnen Sie diese Techniken einfach umsetzen und ein haltbares, starkes und professionelles Ergebnis erzielen!<\/p>\n<p><strong>Collall bietet verschiedene Produkte f\u00fcr Decoupage-Techniken an:<\/strong><\/p>\n<ul>\n<li>Collall Decoupage-Kleber<\/li>\n<li>Collall Decoupage-Lack<\/li>\n<li>Lackkleber (2-in-1 Kleber und Lack)<\/li>\n<\/ul>\n","protected":false},"excerpt":{"rendered":"<div class=\"flex-shrink-0 flex flex-col relative items-end\">\n<div>\n<div class=\"pt-0\">\n<div class=\"gizmo-bot-avatar flex h-8 w-8 items-center justify-center overflow-hidden rounded-full\">\n<div class=\"relative p-1 rounded-sm flex items-center justify-center bg-token-main-surface-primary text-token-text-primary h-8 w-8\"><\/div>\n<\/div>\n<\/div>\n<\/div>\n<\/div>\n<div class=\"group\/conversation-turn relative flex w-full min-w-0 flex-col agent-turn\">\n<div class=\"flex-col gap-1 md:gap-3\">\n<div class=\"flex max-w-full flex-col flex-grow\">\n<div class=\"min-h-8 text-message flex w-full flex-col items-end gap-2 whitespace-normal break-words text-start [.text-message+&amp;]:mt-5\" dir=\"auto\" data-message-author-role=\"assistant\" data-message-id=\"e98d0477-0599-410f-a5e6-920bdda6c3bb\" data-message-model-slug=\"gpt-4o\">\n<div class=\"flex w-full flex-col gap-1 empty:hidden first:pt-[3px]\">\n<div class=\"markdown prose w-full break-words dark:prose-invert light\">\n<p>Collall Decoupage-Kleber ist ein d\u00fcnner, transparenter Kleber auf Wasserbasis. Der Kleber wurde speziell f\u00fcr die Verarbeitung von Decoupage-Materialien entwickelt. Decoupage kann verwendet werden, um Alltagsgegenst\u00e4nde in einzigartige Kunstwerke zu verwandeln.<\/p>\n<\/div>\n<\/div>\n<\/div>\n<\/div>\n<\/div>\n<\/div>\n","protected":false},"featured_media":22901,"comment_status":"open","ping_status":"closed","template":"","meta":{"_acf_changed":false},"product_brand":[],"product_cat":[176],"product_tag":[],"class_list":{"0":"post-10376","1":"product","2":"type-product","3":"status-publish","4":"has-post-thumbnail","6":"product_cat-kleber-und-lackleim","8":"first","9":"instock","10":"shipping-taxable","11":"purchasable","12":"product-type-variable"},"acf":[],"yoast_head":"<!-- This site is optimized with the Yoast SEO plugin v27.2 - https:\/\/yoast.com\/product\/yoast-seo-wordpress\/ -->\n<title>Collall Decoupage-Kleber - Collall<\/title>\n<meta name=\"description\" content=\"Collall Decoupage-Kleber ist ein d\u00fcnner, transparenter Kleber auf Wasserbasis. Speziell f\u00fcr die Verarbeitung von Decoupage-Materialien entwickelt.\" \/>\n<meta name=\"robots\" content=\"index, follow, max-snippet:-1, max-image-preview:large, max-video-preview:-1\" \/>\n<link rel=\"canonical\" href=\"https:\/\/collall.nl\/de\/product\/collall-decoupage-kleber\/\" \/>\n<meta property=\"og:locale\" content=\"de_DE\" \/>\n<meta property=\"og:type\" content=\"article\" \/>\n<meta property=\"og:title\" content=\"Collall Decoupage-Kleber - Collall\" \/>\n<meta property=\"og:description\" content=\"Collall Decoupage-Kleber ist ein d\u00fcnner, transparenter Kleber auf Wasserbasis. Speziell f\u00fcr die Verarbeitung von Decoupage-Materialien entwickelt.\" \/>\n<meta property=\"og:url\" content=\"https:\/\/collall.nl\/de\/product\/collall-decoupage-kleber\/\" \/>\n<meta property=\"og:site_name\" content=\"Collall\" \/>\n<meta property=\"article:publisher\" content=\"https:\/\/www.facebook.com\/people\/Collall\/100064976852539\/\" \/>\n<meta property=\"article:modified_time\" content=\"2025-04-03T11:41:39+00:00\" \/>\n<meta property=\"og:image\" content=\"https:\/\/collall.nl\/wp-content\/uploads\/2022\/03\/COLVD0100-Collall-Decoupagelijm.jpg\" \/>\n\t<meta property=\"og:image:width\" content=\"800\" \/>\n\t<meta property=\"og:image:height\" content=\"800\" \/>\n\t<meta property=\"og:image:type\" content=\"image\/jpeg\" \/>\n<meta name=\"twitter:card\" content=\"summary_large_image\" \/>\n<meta name=\"twitter:label1\" content=\"Gesch\u00e4tzte Lesezeit\" \/>\n\t<meta name=\"twitter:data1\" content=\"3\u00a0Minuten\" \/>\n<script type=\"application\/ld+json\" class=\"yoast-schema-graph\">{\"@context\":\"https:\/\/schema.org\",\"@graph\":[{\"@type\":\"WebPage\",\"@id\":\"https:\/\/collall.nl\/de\/product\/collall-decoupage-kleber\/\",\"url\":\"https:\/\/collall.nl\/de\/product\/collall-decoupage-kleber\/\",\"name\":\"Collall Decoupage-Kleber - Collall\",\"isPartOf\":{\"@id\":\"https:\/\/collall.nl\/#website\"},\"primaryImageOfPage\":{\"@id\":\"https:\/\/collall.nl\/de\/product\/collall-decoupage-kleber\/#primaryimage\"},\"image\":{\"@id\":\"https:\/\/collall.nl\/de\/product\/collall-decoupage-kleber\/#primaryimage\"},\"thumbnailUrl\":\"https:\/\/collall.nl\/wp-content\/uploads\/2022\/03\/COLVD0100-Collall-Decoupagelijm.jpg\",\"datePublished\":\"2022-03-01T09:20:38+00:00\",\"dateModified\":\"2025-04-03T11:41:39+00:00\",\"description\":\"Collall Decoupage-Kleber ist ein d\u00fcnner, transparenter Kleber auf Wasserbasis. Speziell f\u00fcr die Verarbeitung von Decoupage-Materialien entwickelt.\",\"breadcrumb\":{\"@id\":\"https:\/\/collall.nl\/de\/product\/collall-decoupage-kleber\/#breadcrumb\"},\"inLanguage\":\"de\",\"potentialAction\":[{\"@type\":\"ReadAction\",\"target\":[\"https:\/\/collall.nl\/de\/product\/collall-decoupage-kleber\/\"]}]},{\"@type\":\"ImageObject\",\"inLanguage\":\"de\",\"@id\":\"https:\/\/collall.nl\/de\/product\/collall-decoupage-kleber\/#primaryimage\",\"url\":\"https:\/\/collall.nl\/wp-content\/uploads\/2022\/03\/COLVD0100-Collall-Decoupagelijm.jpg\",\"contentUrl\":\"https:\/\/collall.nl\/wp-content\/uploads\/2022\/03\/COLVD0100-Collall-Decoupagelijm.jpg\",\"width\":800,\"height\":800,\"caption\":\"COLVD0100-Collall Decoupagelijm\"},{\"@type\":\"BreadcrumbList\",\"@id\":\"https:\/\/collall.nl\/de\/product\/collall-decoupage-kleber\/#breadcrumb\",\"itemListElement\":[{\"@type\":\"ListItem\",\"position\":1,\"name\":\"Home\",\"item\":\"https:\/\/collall.nl\/de\/hauptseite\/\"},{\"@type\":\"ListItem\",\"position\":2,\"name\":\"Produkte\",\"item\":\"https:\/\/collall.nl\/de\/produkte\/\"},{\"@type\":\"ListItem\",\"position\":3,\"name\":\"Collall Decoupage-Kleber\"}]},{\"@type\":\"WebSite\",\"@id\":\"https:\/\/collall.nl\/#website\",\"url\":\"https:\/\/collall.nl\/\",\"name\":\"Collall\",\"description\":\"Adhesives &amp; Paints since 1949\",\"publisher\":{\"@id\":\"https:\/\/collall.nl\/#organization\"},\"potentialAction\":[{\"@type\":\"SearchAction\",\"target\":{\"@type\":\"EntryPoint\",\"urlTemplate\":\"https:\/\/collall.nl\/?s={search_term_string}\"},\"query-input\":{\"@type\":\"PropertyValueSpecification\",\"valueRequired\":true,\"valueName\":\"search_term_string\"}}],\"inLanguage\":\"de\"},{\"@type\":\"Organization\",\"@id\":\"https:\/\/collall.nl\/#organization\",\"name\":\"Collall B.V.\",\"url\":\"https:\/\/collall.nl\/\",\"logo\":{\"@type\":\"ImageObject\",\"inLanguage\":\"de\",\"@id\":\"https:\/\/collall.nl\/#\/schema\/logo\/image\/\",\"url\":\"https:\/\/collall.nl\/wp-content\/uploads\/2022\/08\/Collall-logo-186C_Reflex-blue.jpg\",\"contentUrl\":\"https:\/\/collall.nl\/wp-content\/uploads\/2022\/08\/Collall-logo-186C_Reflex-blue.jpg\",\"width\":1963,\"height\":1179,\"caption\":\"Collall B.V.\"},\"image\":{\"@id\":\"https:\/\/collall.nl\/#\/schema\/logo\/image\/\"},\"sameAs\":[\"https:\/\/www.facebook.com\/people\/Collall\/100064976852539\/\",\"https:\/\/www.instagram.com\/collall_1949\/\",\"https:\/\/nl.pinterest.com\/CollallBV\/\",\"https:\/\/www.youtube.com\/channel\/UCrCGuwth_udZhTqJSh5g9zg\"]}]}<\/script>\n<!-- \/ Yoast SEO plugin. -->","yoast_head_json":{"title":"Collall Decoupage-Kleber - Collall","description":"Collall Decoupage-Kleber ist ein d\u00fcnner, transparenter Kleber auf Wasserbasis. Speziell f\u00fcr die Verarbeitung von Decoupage-Materialien entwickelt.","robots":{"index":"index","follow":"follow","max-snippet":"max-snippet:-1","max-image-preview":"max-image-preview:large","max-video-preview":"max-video-preview:-1"},"canonical":"https:\/\/collall.nl\/de\/product\/collall-decoupage-kleber\/","og_locale":"de_DE","og_type":"article","og_title":"Collall Decoupage-Kleber - Collall","og_description":"Collall Decoupage-Kleber ist ein d\u00fcnner, transparenter Kleber auf Wasserbasis. Speziell f\u00fcr die Verarbeitung von Decoupage-Materialien entwickelt.","og_url":"https:\/\/collall.nl\/de\/product\/collall-decoupage-kleber\/","og_site_name":"Collall","article_publisher":"https:\/\/www.facebook.com\/people\/Collall\/100064976852539\/","article_modified_time":"2025-04-03T11:41:39+00:00","og_image":[{"width":800,"height":800,"url":"https:\/\/collall.nl\/wp-content\/uploads\/2022\/03\/COLVD0100-Collall-Decoupagelijm.jpg","type":"image\/jpeg"}],"twitter_card":"summary_large_image","twitter_misc":{"Gesch\u00e4tzte Lesezeit":"3\u00a0Minuten"},"schema":{"@context":"https:\/\/schema.org","@graph":[{"@type":"WebPage","@id":"https:\/\/collall.nl\/de\/product\/collall-decoupage-kleber\/","url":"https:\/\/collall.nl\/de\/product\/collall-decoupage-kleber\/","name":"Collall Decoupage-Kleber - Collall","isPartOf":{"@id":"https:\/\/collall.nl\/#website"},"primaryImageOfPage":{"@id":"https:\/\/collall.nl\/de\/product\/collall-decoupage-kleber\/#primaryimage"},"image":{"@id":"https:\/\/collall.nl\/de\/product\/collall-decoupage-kleber\/#primaryimage"},"thumbnailUrl":"https:\/\/collall.nl\/wp-content\/uploads\/2022\/03\/COLVD0100-Collall-Decoupagelijm.jpg","datePublished":"2022-03-01T09:20:38+00:00","dateModified":"2025-04-03T11:41:39+00:00","description":"Collall Decoupage-Kleber ist ein d\u00fcnner, transparenter Kleber auf Wasserbasis. Speziell f\u00fcr die Verarbeitung von Decoupage-Materialien entwickelt.","breadcrumb":{"@id":"https:\/\/collall.nl\/de\/product\/collall-decoupage-kleber\/#breadcrumb"},"inLanguage":"de","potentialAction":[{"@type":"ReadAction","target":["https:\/\/collall.nl\/de\/product\/collall-decoupage-kleber\/"]}]},{"@type":"ImageObject","inLanguage":"de","@id":"https:\/\/collall.nl\/de\/product\/collall-decoupage-kleber\/#primaryimage","url":"https:\/\/collall.nl\/wp-content\/uploads\/2022\/03\/COLVD0100-Collall-Decoupagelijm.jpg","contentUrl":"https:\/\/collall.nl\/wp-content\/uploads\/2022\/03\/COLVD0100-Collall-Decoupagelijm.jpg","width":800,"height":800,"caption":"COLVD0100-Collall Decoupagelijm"},{"@type":"BreadcrumbList","@id":"https:\/\/collall.nl\/de\/product\/collall-decoupage-kleber\/#breadcrumb","itemListElement":[{"@type":"ListItem","position":1,"name":"Home","item":"https:\/\/collall.nl\/de\/hauptseite\/"},{"@type":"ListItem","position":2,"name":"Produkte","item":"https:\/\/collall.nl\/de\/produkte\/"},{"@type":"ListItem","position":3,"name":"Collall Decoupage-Kleber"}]},{"@type":"WebSite","@id":"https:\/\/collall.nl\/#website","url":"https:\/\/collall.nl\/","name":"Collall","description":"Adhesives &amp; Paints since 1949","publisher":{"@id":"https:\/\/collall.nl\/#organization"},"potentialAction":[{"@type":"SearchAction","target":{"@type":"EntryPoint","urlTemplate":"https:\/\/collall.nl\/?s={search_term_string}"},"query-input":{"@type":"PropertyValueSpecification","valueRequired":true,"valueName":"search_term_string"}}],"inLanguage":"de"},{"@type":"Organization","@id":"https:\/\/collall.nl\/#organization","name":"Collall B.V.","url":"https:\/\/collall.nl\/","logo":{"@type":"ImageObject","inLanguage":"de","@id":"https:\/\/collall.nl\/#\/schema\/logo\/image\/","url":"https:\/\/collall.nl\/wp-content\/uploads\/2022\/08\/Collall-logo-186C_Reflex-blue.jpg","contentUrl":"https:\/\/collall.nl\/wp-content\/uploads\/2022\/08\/Collall-logo-186C_Reflex-blue.jpg","width":1963,"height":1179,"caption":"Collall B.V."},"image":{"@id":"https:\/\/collall.nl\/#\/schema\/logo\/image\/"},"sameAs":["https:\/\/www.facebook.com\/people\/Collall\/100064976852539\/","https:\/\/www.instagram.com\/collall_1949\/","https:\/\/nl.pinterest.com\/CollallBV\/","https:\/\/www.youtube.com\/channel\/UCrCGuwth_udZhTqJSh5g9zg"]}]}},"_links":{"self":[{"href":"https:\/\/collall.nl\/de\/wp-json\/wp\/v2\/product\/10376","targetHints":{"allow":["GET"]}}],"collection":[{"href":"https:\/\/collall.nl\/de\/wp-json\/wp\/v2\/product"}],"about":[{"href":"https:\/\/collall.nl\/de\/wp-json\/wp\/v2\/types\/product"}],"replies":[{"embeddable":true,"href":"https:\/\/collall.nl\/de\/wp-json\/wp\/v2\/comments?post=10376"}],"wp:featuredmedia":[{"embeddable":true,"href":"https:\/\/collall.nl\/de\/wp-json\/wp\/v2\/media\/22901"}],"wp:attachment":[{"href":"https:\/\/collall.nl\/de\/wp-json\/wp\/v2\/media?parent=10376"}],"wp:term":[{"taxonomy":"product_brand","embeddable":true,"href":"https:\/\/collall.nl\/de\/wp-json\/wp\/v2\/product_brand?post=10376"},{"taxonomy":"product_cat","embeddable":true,"href":"https:\/\/collall.nl\/de\/wp-json\/wp\/v2\/product_cat?post=10376"},{"taxonomy":"product_tag","embeddable":true,"href":"https:\/\/collall.nl\/de\/wp-json\/wp\/v2\/product_tag?post=10376"}],"curies":[{"name":"wp","href":"https:\/\/api.w.org\/{rel}","templated":true}]}}