{"id":10350,"date":"2022-03-01T09:20:13","date_gmt":"2022-03-01T09:20:16","guid":{"rendered":"http:\/\/collall.test\/product\/collall-3d-coll-kit-glue-gel-2\/"},"modified":"2024-10-31T15:38:27","modified_gmt":"2024-10-31T14:38:27","slug":"collall-3d-coll-kit-2","status":"publish","type":"product","link":"https:\/\/collall.nl\/de\/product\/collall-3d-coll-kit-2\/","title":{"rendered":"Collall 3D Coll Kit"},"content":{"rendered":"<p><strong>Anwendung: <\/strong>Collall 3D Coll Kit eignet sich f\u00fcr verschiedene Anwendungen, darunter:<\/p>\n<ul>\n<li><strong>Hobby- und Kreativprojekte<\/strong>: ideal zum Erstellen von 3D-Karten-Designs, eigenen Kunstwerken und zum Kleben von dekorativen Elementen.<\/li>\n<li><strong>Reparaturen<\/strong>: perfekt zum F\u00fcllen kleiner L\u00f6cher und Risse sowie zum Befestigen von Materialien wie Holzleisten und leichten Kunststoffen. Die elastischen Eigenschaften sorgen f\u00fcr eine starke Haftung und langanhaltende Ergebnisse. Nicht f\u00fcr den Au\u00dfenbereich geeignet.<\/li>\n<li><strong>Modellbau<\/strong>: geeignet zum Kleben und Abdichten von Bauteilen in Modellbauprojekten, bei denen Pr\u00e4zision, Flexibilit\u00e4t und eine starke Haftung erforderlich sind.<\/li>\n<li><strong>Mosaik<\/strong>: Diese Klebeform ist sehr praktisch und ideal, wenn Mosaiksteine vertikal geklebt werden m\u00fcssen. Mit der praktischen Dosierspritze l\u00e4sst sich eine kleine Menge Kleber einfach auf die R\u00fcckseite der Steine auftragen. Haftet sofort, l\u00e4sst sich jedoch noch kurz verschieben.<\/li>\n<\/ul>\n<p><strong>Aussehen:<\/strong><\/p>\n<ul>\n<li>Vollst\u00e4ndig transparente, flexible, wasserbest\u00e4ndige dicke Klebeschicht<\/li>\n<li>Geruchlos<\/li>\n<li>Silikonfrei<\/li>\n<\/ul>\n<p><strong>L\u00f6sungsmittel:<\/strong> \u2013<\/p>\n<p><strong>Hauptbestandteil:<\/strong> MS-Polymer<\/p>\n<p><strong>pH:<\/strong> \u2013<\/p>\n<p><strong>Spezifisches Gewicht:<\/strong> \u2013<\/p>\n<p><strong>CE:<\/strong> \u2013<\/p>\n<p><strong>Klebeverbrauch:<\/strong> \u2013<\/p>\n<p><strong>Verarbeitung:<\/strong><\/p>\n<ul>\n<li>Die zu verklebenden Materialien m\u00fcssen trocken und frei von Staub und Schmutz sein.<br \/>\nTrocknet in dicker Form (3D-Kreationen) auf.<\/li>\n<\/ul>\n<p><strong>Allergene:<\/strong> \u2013<\/p>\n<p><strong>Geeignet f\u00fcr:<\/strong> ab 6 Jahren.<\/p>\n<h6><strong>Set-Inhalt COLKIT0080DS<\/strong><\/h6>\n<p>Das Collall 3D Coll Kit wird in einer praktischen Box mit n\u00fctzlichem Zubeh\u00f6r geliefert.<\/p>\n<p><strong>Die nachf\u00fcllbare Spritze<\/strong> erleichtert das pr\u00e4zise Auftragen des 3D Coll Kits genau dort, wo Sie es ben\u00f6tigen. Dies sorgt f\u00fcr Genauigkeit, besonders bei kleineren Projekten oder Detailarbeiten. Die Spritze kann leicht nachgef\u00fcllt werden, sodass Sie keine Reste wegwerfen m\u00fcssen und immer bereit f\u00fcr Ihr n\u00e4chstes Bastelprojekt sind. Um ein Austrocknen zu verhindern, schlie\u00dfen Sie die Spritze mit der mitgelieferten Kappe.<\/p>\n<p><strong>Aufsatz mit Kappe<\/strong> f\u00fcr Klebelinien in der gew\u00fcnschten Dicke. Schneiden Sie den Aufsatz auf die gew\u00fcnschte Gr\u00f6\u00dfe zu und schrauben Sie ihn auf die Tube. Die Kappe verhindert, dass das 3D Coll Kit austrocknet.<\/p>\n<p><strong>Den Klebeschl\u00fcssel<\/strong> platzieren Sie auf der R\u00fcckseite der Tube. Durch eine Drehbewegung nach vorne k\u00f6nnen Sie den gesamten Kleber aus der Tube entnehmen, sodass kein Material verschwendet wird.<\/p>\n<h4><strong>Eigenschaften und Vorteile des Collall 3D Kits<\/strong><\/h4>\n<ul>\n<li><strong>Transparent und flexibel<\/strong>: Der Kleber trocknet zu einer klaren, flexiblen Schicht, die bewegliche Anwendungen erm\u00f6glicht, ohne zu rei\u00dfen oder zu brechen.<\/li>\n<li><strong>Dicke Struktur<\/strong>: Perfekt f\u00fcr die Erzeugung von 3D-Effekten und das F\u00fcllen kleiner \u00d6ffnungen oder Risse. Der Kleber beh\u00e4lt seine Form, nachdem er ausgeh\u00e4rtet ist.<\/li>\n<li><strong>Vielseitige Verwendung<\/strong>: Geeignet f\u00fcr verschiedene Materialien wie Papier, Karton, Styropor, Holz, Keramik, Mosaiksteine und leichte Kunststoffe. Das macht es zur idealen Wahl f\u00fcr verschiedene Bastelprojekte und Reparaturen.<\/li>\n<li><strong>Einfach aufzutragen<\/strong>: Der Kleber l\u00e4sst sich leicht mit einem Spatel oder direkt aus der Tube auftragen und kann einfach f\u00fcr pr\u00e4zise Ergebnisse bearbeitet werden.<\/li>\n<\/ul>\n<p><strong>Anwendungstipps<\/strong><\/p>\n<ul>\n<li><strong>Seifenwasser<\/strong>: Die Verwendung von Seifenwasser auf Ihrem Finger kann helfen, \u00fcbersch\u00fcssigen Kleber leichter von Ihrem Finger zu entfernen. Das Seifenwasser verhindert, dass der Kleber an Ihrem Handschuh haften bleibt, was ein saubereres und glatteres Ergebnis erm\u00f6glicht.<\/li>\n<li><strong>Aush\u00e4rtung<\/strong>: Lassen Sie den Kleber vollst\u00e4ndig aush\u00e4rten. Die Trocknungszeit kann je nach Auftragsdicke und Umgebungsbedingungen variieren.<\/li>\n<li><strong>Reinigung<\/strong>: Stellen Sie sicher, dass die Oberfl\u00e4chen sauber und trocken sind, bevor Sie den Kleber auftragen. Entfernen Sie Staub, Fett und andere Verunreinigungen, um eine optimale Haftung zu gew\u00e4hrleisten.<\/li>\n<\/ul>\n<h3><strong>Ist das Collall 3D Coll Kit \/ MS-Polymer \u00fcberstreichbar?<\/strong><\/h3>\n<p>Polymerbasierte Klebstoffe wie das Collall 3D Coll Kit sind in der Regel nicht gut \u00fcberstreichbar. Polymere Klebstoffe sind so konzipiert, dass sie flexibel bleiben. Diese Flexibilit\u00e4t kann dazu f\u00fchren, dass die Farbe nicht gut haftet und sich die Farbschicht abl\u00f6sen kann, wenn sich der Kleber dehnt oder zusammenzieht.<\/p>\n<p>Unser Rat ist daher, \u00fcbersch\u00fcssigen Kleber so schnell wie m\u00f6glich mit Wasser und Seife zu entfernen, bevor er getrocknet ist.<\/p>\n","protected":false},"excerpt":{"rendered":"<p>Klarer transparenter, f\u00fcllender Kleber, ohne Silikonen. Geruchlos<\/p>\n","protected":false},"featured_media":19909,"comment_status":"open","ping_status":"closed","template":"","meta":{"_acf_changed":false},"product_brand":[],"product_cat":[176],"product_tag":[],"class_list":{"0":"post-10350","1":"product","2":"type-product","3":"status-publish","4":"has-post-thumbnail","6":"product_cat-kleber-und-lackleim","8":"first","9":"instock","10":"shipping-taxable","11":"purchasable","12":"product-type-variable"},"acf":[],"yoast_head":"<!-- This site is optimized with the Yoast SEO plugin v27.2 - https:\/\/yoast.com\/product\/yoast-seo-wordpress\/ -->\n<title>Collall 3D Coll Kit - Collall<\/title>\n<meta name=\"description\" content=\"Klarer transparenter, f\u00fcllender Kleber, ohne Silikonen. Geruchlos.\" \/>\n<meta name=\"robots\" content=\"index, follow, max-snippet:-1, max-image-preview:large, max-video-preview:-1\" \/>\n<link rel=\"canonical\" href=\"https:\/\/collall.nl\/de\/product\/collall-3d-coll-kit-2\/\" \/>\n<meta property=\"og:locale\" content=\"de_DE\" \/>\n<meta property=\"og:type\" content=\"article\" \/>\n<meta property=\"og:title\" content=\"Collall 3D Coll Kit - Collall\" \/>\n<meta property=\"og:description\" content=\"Klarer transparenter, f\u00fcllender Kleber, ohne Silikonen. Geruchlos.\" \/>\n<meta property=\"og:url\" content=\"https:\/\/collall.nl\/de\/product\/collall-3d-coll-kit-2\/\" \/>\n<meta property=\"og:site_name\" content=\"Collall\" \/>\n<meta property=\"article:publisher\" content=\"https:\/\/www.facebook.com\/people\/Collall\/100064976852539\/\" \/>\n<meta property=\"article:modified_time\" content=\"2024-10-31T14:38:27+00:00\" \/>\n<meta property=\"og:image\" content=\"https:\/\/collall.nl\/wp-content\/uploads\/2022\/03\/COLKIT0080.jpg\" \/>\n\t<meta property=\"og:image:width\" content=\"800\" \/>\n\t<meta property=\"og:image:height\" content=\"800\" \/>\n\t<meta property=\"og:image:type\" content=\"image\/jpeg\" \/>\n<meta name=\"twitter:card\" content=\"summary_large_image\" \/>\n<meta name=\"twitter:label1\" content=\"Gesch\u00e4tzte Lesezeit\" \/>\n\t<meta name=\"twitter:data1\" content=\"3\u00a0Minuten\" \/>\n<script type=\"application\/ld+json\" class=\"yoast-schema-graph\">{\"@context\":\"https:\/\/schema.org\",\"@graph\":[{\"@type\":\"WebPage\",\"@id\":\"https:\/\/collall.nl\/de\/product\/collall-3d-coll-kit-2\/\",\"url\":\"https:\/\/collall.nl\/de\/product\/collall-3d-coll-kit-2\/\",\"name\":\"Collall 3D Coll Kit - Collall\",\"isPartOf\":{\"@id\":\"https:\/\/collall.nl\/#website\"},\"primaryImageOfPage\":{\"@id\":\"https:\/\/collall.nl\/de\/product\/collall-3d-coll-kit-2\/#primaryimage\"},\"image\":{\"@id\":\"https:\/\/collall.nl\/de\/product\/collall-3d-coll-kit-2\/#primaryimage\"},\"thumbnailUrl\":\"https:\/\/collall.nl\/wp-content\/uploads\/2022\/03\/COLKIT0080.jpg\",\"datePublished\":\"2022-03-01T09:20:16+00:00\",\"dateModified\":\"2024-10-31T14:38:27+00:00\",\"description\":\"Klarer transparenter, f\u00fcllender Kleber, ohne Silikonen. Geruchlos.\",\"breadcrumb\":{\"@id\":\"https:\/\/collall.nl\/de\/product\/collall-3d-coll-kit-2\/#breadcrumb\"},\"inLanguage\":\"de\",\"potentialAction\":[{\"@type\":\"ReadAction\",\"target\":[\"https:\/\/collall.nl\/de\/product\/collall-3d-coll-kit-2\/\"]}]},{\"@type\":\"ImageObject\",\"inLanguage\":\"de\",\"@id\":\"https:\/\/collall.nl\/de\/product\/collall-3d-coll-kit-2\/#primaryimage\",\"url\":\"https:\/\/collall.nl\/wp-content\/uploads\/2022\/03\/COLKIT0080.jpg\",\"contentUrl\":\"https:\/\/collall.nl\/wp-content\/uploads\/2022\/03\/COLKIT0080.jpg\",\"width\":800,\"height\":800},{\"@type\":\"BreadcrumbList\",\"@id\":\"https:\/\/collall.nl\/de\/product\/collall-3d-coll-kit-2\/#breadcrumb\",\"itemListElement\":[{\"@type\":\"ListItem\",\"position\":1,\"name\":\"Home\",\"item\":\"https:\/\/collall.nl\/de\/hauptseite\/\"},{\"@type\":\"ListItem\",\"position\":2,\"name\":\"Produkte\",\"item\":\"https:\/\/collall.nl\/de\/produkte\/\"},{\"@type\":\"ListItem\",\"position\":3,\"name\":\"Collall 3D Coll Kit\"}]},{\"@type\":\"WebSite\",\"@id\":\"https:\/\/collall.nl\/#website\",\"url\":\"https:\/\/collall.nl\/\",\"name\":\"Collall\",\"description\":\"Adhesives &amp; Paints since 1949\",\"publisher\":{\"@id\":\"https:\/\/collall.nl\/#organization\"},\"potentialAction\":[{\"@type\":\"SearchAction\",\"target\":{\"@type\":\"EntryPoint\",\"urlTemplate\":\"https:\/\/collall.nl\/?s={search_term_string}\"},\"query-input\":{\"@type\":\"PropertyValueSpecification\",\"valueRequired\":true,\"valueName\":\"search_term_string\"}}],\"inLanguage\":\"de\"},{\"@type\":\"Organization\",\"@id\":\"https:\/\/collall.nl\/#organization\",\"name\":\"Collall B.V.\",\"url\":\"https:\/\/collall.nl\/\",\"logo\":{\"@type\":\"ImageObject\",\"inLanguage\":\"de\",\"@id\":\"https:\/\/collall.nl\/#\/schema\/logo\/image\/\",\"url\":\"https:\/\/collall.nl\/wp-content\/uploads\/2022\/08\/Collall-logo-186C_Reflex-blue.jpg\",\"contentUrl\":\"https:\/\/collall.nl\/wp-content\/uploads\/2022\/08\/Collall-logo-186C_Reflex-blue.jpg\",\"width\":1963,\"height\":1179,\"caption\":\"Collall B.V.\"},\"image\":{\"@id\":\"https:\/\/collall.nl\/#\/schema\/logo\/image\/\"},\"sameAs\":[\"https:\/\/www.facebook.com\/people\/Collall\/100064976852539\/\",\"https:\/\/www.instagram.com\/collall_1949\/\",\"https:\/\/nl.pinterest.com\/CollallBV\/\",\"https:\/\/www.youtube.com\/channel\/UCrCGuwth_udZhTqJSh5g9zg\"]}]}<\/script>\n<!-- \/ Yoast SEO plugin. -->","yoast_head_json":{"title":"Collall 3D Coll Kit - Collall","description":"Klarer transparenter, f\u00fcllender Kleber, ohne Silikonen. Geruchlos.","robots":{"index":"index","follow":"follow","max-snippet":"max-snippet:-1","max-image-preview":"max-image-preview:large","max-video-preview":"max-video-preview:-1"},"canonical":"https:\/\/collall.nl\/de\/product\/collall-3d-coll-kit-2\/","og_locale":"de_DE","og_type":"article","og_title":"Collall 3D Coll Kit - Collall","og_description":"Klarer transparenter, f\u00fcllender Kleber, ohne Silikonen. Geruchlos.","og_url":"https:\/\/collall.nl\/de\/product\/collall-3d-coll-kit-2\/","og_site_name":"Collall","article_publisher":"https:\/\/www.facebook.com\/people\/Collall\/100064976852539\/","article_modified_time":"2024-10-31T14:38:27+00:00","og_image":[{"width":800,"height":800,"url":"https:\/\/collall.nl\/wp-content\/uploads\/2022\/03\/COLKIT0080.jpg","type":"image\/jpeg"}],"twitter_card":"summary_large_image","twitter_misc":{"Gesch\u00e4tzte Lesezeit":"3\u00a0Minuten"},"schema":{"@context":"https:\/\/schema.org","@graph":[{"@type":"WebPage","@id":"https:\/\/collall.nl\/de\/product\/collall-3d-coll-kit-2\/","url":"https:\/\/collall.nl\/de\/product\/collall-3d-coll-kit-2\/","name":"Collall 3D Coll Kit - Collall","isPartOf":{"@id":"https:\/\/collall.nl\/#website"},"primaryImageOfPage":{"@id":"https:\/\/collall.nl\/de\/product\/collall-3d-coll-kit-2\/#primaryimage"},"image":{"@id":"https:\/\/collall.nl\/de\/product\/collall-3d-coll-kit-2\/#primaryimage"},"thumbnailUrl":"https:\/\/collall.nl\/wp-content\/uploads\/2022\/03\/COLKIT0080.jpg","datePublished":"2022-03-01T09:20:16+00:00","dateModified":"2024-10-31T14:38:27+00:00","description":"Klarer transparenter, f\u00fcllender Kleber, ohne Silikonen. Geruchlos.","breadcrumb":{"@id":"https:\/\/collall.nl\/de\/product\/collall-3d-coll-kit-2\/#breadcrumb"},"inLanguage":"de","potentialAction":[{"@type":"ReadAction","target":["https:\/\/collall.nl\/de\/product\/collall-3d-coll-kit-2\/"]}]},{"@type":"ImageObject","inLanguage":"de","@id":"https:\/\/collall.nl\/de\/product\/collall-3d-coll-kit-2\/#primaryimage","url":"https:\/\/collall.nl\/wp-content\/uploads\/2022\/03\/COLKIT0080.jpg","contentUrl":"https:\/\/collall.nl\/wp-content\/uploads\/2022\/03\/COLKIT0080.jpg","width":800,"height":800},{"@type":"BreadcrumbList","@id":"https:\/\/collall.nl\/de\/product\/collall-3d-coll-kit-2\/#breadcrumb","itemListElement":[{"@type":"ListItem","position":1,"name":"Home","item":"https:\/\/collall.nl\/de\/hauptseite\/"},{"@type":"ListItem","position":2,"name":"Produkte","item":"https:\/\/collall.nl\/de\/produkte\/"},{"@type":"ListItem","position":3,"name":"Collall 3D Coll Kit"}]},{"@type":"WebSite","@id":"https:\/\/collall.nl\/#website","url":"https:\/\/collall.nl\/","name":"Collall","description":"Adhesives &amp; Paints since 1949","publisher":{"@id":"https:\/\/collall.nl\/#organization"},"potentialAction":[{"@type":"SearchAction","target":{"@type":"EntryPoint","urlTemplate":"https:\/\/collall.nl\/?s={search_term_string}"},"query-input":{"@type":"PropertyValueSpecification","valueRequired":true,"valueName":"search_term_string"}}],"inLanguage":"de"},{"@type":"Organization","@id":"https:\/\/collall.nl\/#organization","name":"Collall B.V.","url":"https:\/\/collall.nl\/","logo":{"@type":"ImageObject","inLanguage":"de","@id":"https:\/\/collall.nl\/#\/schema\/logo\/image\/","url":"https:\/\/collall.nl\/wp-content\/uploads\/2022\/08\/Collall-logo-186C_Reflex-blue.jpg","contentUrl":"https:\/\/collall.nl\/wp-content\/uploads\/2022\/08\/Collall-logo-186C_Reflex-blue.jpg","width":1963,"height":1179,"caption":"Collall B.V."},"image":{"@id":"https:\/\/collall.nl\/#\/schema\/logo\/image\/"},"sameAs":["https:\/\/www.facebook.com\/people\/Collall\/100064976852539\/","https:\/\/www.instagram.com\/collall_1949\/","https:\/\/nl.pinterest.com\/CollallBV\/","https:\/\/www.youtube.com\/channel\/UCrCGuwth_udZhTqJSh5g9zg"]}]}},"_links":{"self":[{"href":"https:\/\/collall.nl\/de\/wp-json\/wp\/v2\/product\/10350","targetHints":{"allow":["GET"]}}],"collection":[{"href":"https:\/\/collall.nl\/de\/wp-json\/wp\/v2\/product"}],"about":[{"href":"https:\/\/collall.nl\/de\/wp-json\/wp\/v2\/types\/product"}],"replies":[{"embeddable":true,"href":"https:\/\/collall.nl\/de\/wp-json\/wp\/v2\/comments?post=10350"}],"wp:featuredmedia":[{"embeddable":true,"href":"https:\/\/collall.nl\/de\/wp-json\/wp\/v2\/media\/19909"}],"wp:attachment":[{"href":"https:\/\/collall.nl\/de\/wp-json\/wp\/v2\/media?parent=10350"}],"wp:term":[{"taxonomy":"product_brand","embeddable":true,"href":"https:\/\/collall.nl\/de\/wp-json\/wp\/v2\/product_brand?post=10350"},{"taxonomy":"product_cat","embeddable":true,"href":"https:\/\/collall.nl\/de\/wp-json\/wp\/v2\/product_cat?post=10350"},{"taxonomy":"product_tag","embeddable":true,"href":"https:\/\/collall.nl\/de\/wp-json\/wp\/v2\/product_tag?post=10350"}],"curies":[{"name":"wp","href":"https:\/\/api.w.org\/{rel}","templated":true}]}}