{"id":10264,"date":"2022-03-01T09:18:27","date_gmt":"2022-03-01T09:18:30","guid":{"rendered":"http:\/\/collall.test\/product\/collall-cellulose-kleister\/"},"modified":"2025-03-18T15:12:00","modified_gmt":"2025-03-18T14:12:00","slug":"collall-cellulose-kleister","status":"publish","type":"product","link":"https:\/\/collall.nl\/de\/product\/collall-cellulose-kleister\/","title":{"rendered":"Collall Cellulose Kleister"},"content":{"rendered":"<p><strong>Sorte: <\/strong>Pulver zum Anr\u00fchren von Kleister.<\/p>\n<p><strong>Aussehen und Geruch:\u00a0<\/strong><\/p>\n<ul>\n<li>Fl\u00fcssig<\/li>\n<li>Semitransparent<\/li>\n<li>Angenehmer Geruch<\/li>\n<\/ul>\n<p><strong><span style=\"line-height: 1.6;\">Eigenschaften: <\/span><\/strong><span style=\"line-height: 1.6;\">d<\/span>as Produkt ist somit sehr preisg\u00fcnstig. Sehr gut geeignet f\u00fcr Kinder.<\/p>\n<p><strong>Hauptinhaltsstoff: <\/strong>Carboxymethylcellulose (CMC)<\/p>\n<p><strong>Dichte: <\/strong>1,50 Kg\/dm\u00b3<\/p>\n<p class=\"p1\"><b>Nat\u00fcrliche Inhaltsstoffe:<\/b> 100%<\/p>\n<p class=\"p1\"><b>Viskosit\u00e4t:<\/b> &#8211; mPa.s<\/p>\n<p><strong>PH:<\/strong> &#8211;<\/p>\n<p><strong>Anwendungsbereich: <\/strong><span style=\"line-height: 1.6;\">a<\/span>us 250 g Pulver lassen sich durch Hinzuf\u00fcgung von Wasser ca. 15 l Kleister herstellen<strong>.<\/strong><\/p>\n<p><strong>Anwendung:<\/strong> zum Verkleben von Papier und Karton, sowie zur Herstellung von Pappmach\u00e9. Da das Pulver mit Wasser anger\u00fchrt wird, eignet sich der Kleister hervorragend f\u00fcr kleine Kinder.<\/p>\n<p><strong>Tipp: <\/strong>durch Hinzuf\u00fcgen von wei\u00dfem Collall Holzkleber (ca. 5%) wird Pappmach\u00e9 deutlich h\u00e4rter. Weitere Anwendungsm\u00f6glichkeiten: Binde- und Verdickungsmittel f\u00fcr Farbe und Klebstoffe. Achtung: vorbereiteter Kleber ist nur begrenzt haltbar.<\/p>\n<p><strong>Allergene:<\/strong> kein<\/p>\n<p><strong>Geeignet f\u00fcr: <\/strong>Kinder ab 3 Jahren.<\/p>\n<p><strong>Flecken: <\/strong>leicht mit kaltem Wasser oder in der Waschmaschine auszuwaschen.<\/p>\n<h4><strong>Was kann man mit Collall Klebepulver machen?<\/strong><\/h4>\n<p><strong>Kinderkleber:<\/strong> ideal f\u00fcr kleine Kinder. Der mit Wasser anger\u00fchrte Kleber eignet sich perfekt zum Kleben von Papier und Karton. Sehr einfach in der Anwendung, sodass die Kleinen spielerisch ihre Kreativit\u00e4t entdecken k\u00f6nnen.<\/p>\n<p><strong>Papiermach\u00e9:<\/strong> Der anger\u00fchrte Kleber ist hervorragend f\u00fcr Papiermach\u00e9-Anwendungen geeignet. Erstellen Sie stabile und haltbare Kunstwerke mit dieser flexiblen Klebel\u00f6sung. Je mehr Papierschichten Sie auftragen, desto st\u00e4rker wird Ihr Werkst\u00fcck. Ideal f\u00fcr Ihre Sinterklaas-\u00dcberraschung!<\/p>\n<p><strong>Bindemittel:<\/strong> Verwenden Sie Collall Klebepulver als Bindemittel und Verdickungsmittel f\u00fcr Kleber und Farbe. Es sorgt f\u00fcr zus\u00e4tzliche Festigkeit und eine bessere Textur Ihrer Projekte.<\/p>\n<p><strong>Wie wird Collall Klebepulver angemischt?<\/strong><\/p>\n<p>In der Verpackung befindet sich ein praktischer Messl\u00f6ffel, aber Sie k\u00f6nnen das Pulver auch auf einer K\u00fcchenwaage abwiegen.<\/p>\n<p><strong>Verh\u00e4ltnis Klebepulver zu Wasser:<\/strong> 16 Gramm Klebepulver pro 1 Liter fl\u00fcssigem Kleber.<\/p>\n<ul>\n<li>F\u00fcr 500 Milliliter Kleber ben\u00f6tigen Sie etwa 8 Gramm Klebepulver.<\/li>\n<li>F\u00fcr 250 Milliliter Kleber ben\u00f6tigen Sie etwa 4 Gramm Klebepulver.<\/li>\n<\/ul>\n<p>Folgen Sie diesem einfachen Rezept, um den perfekten Kleber herzustellen:<\/p>\n<p><strong>Zutaten:<\/strong><\/p>\n<ul>\n<li>1 Teil Collall Klebepulver<\/li>\n<li>4 Teile Wasser<\/li>\n<\/ul>\n<p><strong>Anleitung:<\/strong><\/p>\n<p>F\u00fcgen Sie 1 Teil Collall Klebepulver zu 4 Teilen kaltem Wasser hinzu. Gut umr\u00fchren, bis sich das Pulver vollst\u00e4ndig aufgel\u00f6st hat und ein glatter, gleichm\u00e4\u00dfiger Kleber entsteht. Den Kleber einige Minuten stehen lassen, damit er eindickt.<\/p>\n<p><strong>Tipp:<\/strong> F\u00fcr dickeren Kleber k\u00f6nnen Sie die Menge des Pulvers leicht erh\u00f6hen. Experimentieren Sie, um die richtige Konsistenz f\u00fcr Ihr spezifisches Projekt zu finden. Durch die Zugabe von wei\u00dfem <a href=\"https:\/\/collall.nl\/de\/product\/collall-holzleim\/\" target=\"_blank\" rel=\"noopener\">Collall Holzleim<\/a> (ca. 5%) wird das Papiermach\u00e9 deutlich h\u00e4rter.<\/p>\n<p>Verwendung und Aufbewahrung:<\/p>\n<p><strong>Hinweis:<\/strong> Angemischter Kleber ist nur begrenzt haltbar, da keine Konservierungsmittel zugesetzt wurden. R\u00fchren Sie nicht zu viel an und arbeiten Sie so sauber wie m\u00f6glich. Wenn Sie den Kleber eine Weile aufbewahren m\u00f6chten, verschlie\u00dfen Sie ihn gut.<\/p>\n<p>Mit Collall Klebepulver k\u00f6nnen Sie endlose Bastelm\u00f6glichkeiten genie\u00dfen.<\/p>\n","protected":false},"excerpt":{"rendered":"<p>Pulver zum Anr\u00fchren von Kleister<\/p>\n","protected":false},"featured_media":24594,"comment_status":"open","ping_status":"closed","template":"","meta":{"_acf_changed":false},"product_brand":[],"product_cat":[176],"product_tag":[],"class_list":{"0":"post-10264","1":"product","2":"type-product","3":"status-publish","4":"has-post-thumbnail","6":"product_cat-kleber-und-lackleim","8":"first","9":"instock","10":"shipping-taxable","11":"purchasable","12":"product-type-variable"},"acf":[],"yoast_head":"<!-- This site is optimized with the Yoast SEO plugin v27.2 - https:\/\/yoast.com\/product\/yoast-seo-wordpress\/ -->\n<title>Collall Cellulose Kleister - Collall<\/title>\n<meta name=\"description\" content=\"Cellulose Kleister zum Verkleben von Papier und Karton, sowie zur Herstellung von Pappmach\u00e9. Hervorragend f\u00fcr kleine Kinder.\" \/>\n<meta name=\"robots\" content=\"index, follow, max-snippet:-1, max-image-preview:large, max-video-preview:-1\" \/>\n<link rel=\"canonical\" href=\"https:\/\/collall.nl\/de\/product\/collall-cellulose-kleister\/\" \/>\n<meta property=\"og:locale\" content=\"de_DE\" \/>\n<meta property=\"og:type\" content=\"article\" \/>\n<meta property=\"og:title\" content=\"Collall Cellulose Kleister - Collall\" \/>\n<meta property=\"og:description\" content=\"Cellulose Kleister zum Verkleben von Papier und Karton, sowie zur Herstellung von Pappmach\u00e9. Hervorragend f\u00fcr kleine Kinder.\" \/>\n<meta property=\"og:url\" content=\"https:\/\/collall.nl\/de\/product\/collall-cellulose-kleister\/\" \/>\n<meta property=\"og:site_name\" content=\"Collall\" \/>\n<meta property=\"article:publisher\" content=\"https:\/\/www.facebook.com\/people\/Collall\/100064976852539\/\" \/>\n<meta property=\"article:modified_time\" content=\"2025-03-18T14:12:00+00:00\" \/>\n<meta property=\"og:image\" content=\"https:\/\/collall.nl\/wp-content\/uploads\/2022\/03\/COLPP0250-plakpoeder.jpg\" \/>\n\t<meta property=\"og:image:width\" content=\"1000\" \/>\n\t<meta property=\"og:image:height\" content=\"1000\" \/>\n\t<meta property=\"og:image:type\" content=\"image\/jpeg\" \/>\n<meta name=\"twitter:card\" content=\"summary_large_image\" \/>\n<meta name=\"twitter:label1\" content=\"Gesch\u00e4tzte Lesezeit\" \/>\n\t<meta name=\"twitter:data1\" content=\"3\u00a0Minuten\" \/>\n<script type=\"application\/ld+json\" class=\"yoast-schema-graph\">{\"@context\":\"https:\/\/schema.org\",\"@graph\":[{\"@type\":\"WebPage\",\"@id\":\"https:\/\/collall.nl\/de\/product\/collall-cellulose-kleister\/\",\"url\":\"https:\/\/collall.nl\/de\/product\/collall-cellulose-kleister\/\",\"name\":\"Collall Cellulose Kleister - Collall\",\"isPartOf\":{\"@id\":\"https:\/\/collall.nl\/#website\"},\"primaryImageOfPage\":{\"@id\":\"https:\/\/collall.nl\/de\/product\/collall-cellulose-kleister\/#primaryimage\"},\"image\":{\"@id\":\"https:\/\/collall.nl\/de\/product\/collall-cellulose-kleister\/#primaryimage\"},\"thumbnailUrl\":\"https:\/\/collall.nl\/wp-content\/uploads\/2022\/03\/COLPP0250-plakpoeder.jpg\",\"datePublished\":\"2022-03-01T09:18:30+00:00\",\"dateModified\":\"2025-03-18T14:12:00+00:00\",\"description\":\"Cellulose Kleister zum Verkleben von Papier und Karton, sowie zur Herstellung von Pappmach\u00e9. Hervorragend f\u00fcr kleine Kinder.\",\"breadcrumb\":{\"@id\":\"https:\/\/collall.nl\/de\/product\/collall-cellulose-kleister\/#breadcrumb\"},\"inLanguage\":\"de\",\"potentialAction\":[{\"@type\":\"ReadAction\",\"target\":[\"https:\/\/collall.nl\/de\/product\/collall-cellulose-kleister\/\"]}]},{\"@type\":\"ImageObject\",\"inLanguage\":\"de\",\"@id\":\"https:\/\/collall.nl\/de\/product\/collall-cellulose-kleister\/#primaryimage\",\"url\":\"https:\/\/collall.nl\/wp-content\/uploads\/2022\/03\/COLPP0250-plakpoeder.jpg\",\"contentUrl\":\"https:\/\/collall.nl\/wp-content\/uploads\/2022\/03\/COLPP0250-plakpoeder.jpg\",\"width\":1000,\"height\":1000,\"caption\":\"Collall Plakpoeder\"},{\"@type\":\"BreadcrumbList\",\"@id\":\"https:\/\/collall.nl\/de\/product\/collall-cellulose-kleister\/#breadcrumb\",\"itemListElement\":[{\"@type\":\"ListItem\",\"position\":1,\"name\":\"Home\",\"item\":\"https:\/\/collall.nl\/de\/hauptseite\/\"},{\"@type\":\"ListItem\",\"position\":2,\"name\":\"Produkte\",\"item\":\"https:\/\/collall.nl\/de\/produkte\/\"},{\"@type\":\"ListItem\",\"position\":3,\"name\":\"Collall Cellulose Kleister\"}]},{\"@type\":\"WebSite\",\"@id\":\"https:\/\/collall.nl\/#website\",\"url\":\"https:\/\/collall.nl\/\",\"name\":\"Collall\",\"description\":\"Adhesives &amp; Paints since 1949\",\"publisher\":{\"@id\":\"https:\/\/collall.nl\/#organization\"},\"potentialAction\":[{\"@type\":\"SearchAction\",\"target\":{\"@type\":\"EntryPoint\",\"urlTemplate\":\"https:\/\/collall.nl\/?s={search_term_string}\"},\"query-input\":{\"@type\":\"PropertyValueSpecification\",\"valueRequired\":true,\"valueName\":\"search_term_string\"}}],\"inLanguage\":\"de\"},{\"@type\":\"Organization\",\"@id\":\"https:\/\/collall.nl\/#organization\",\"name\":\"Collall B.V.\",\"url\":\"https:\/\/collall.nl\/\",\"logo\":{\"@type\":\"ImageObject\",\"inLanguage\":\"de\",\"@id\":\"https:\/\/collall.nl\/#\/schema\/logo\/image\/\",\"url\":\"https:\/\/collall.nl\/wp-content\/uploads\/2022\/08\/Collall-logo-186C_Reflex-blue.jpg\",\"contentUrl\":\"https:\/\/collall.nl\/wp-content\/uploads\/2022\/08\/Collall-logo-186C_Reflex-blue.jpg\",\"width\":1963,\"height\":1179,\"caption\":\"Collall B.V.\"},\"image\":{\"@id\":\"https:\/\/collall.nl\/#\/schema\/logo\/image\/\"},\"sameAs\":[\"https:\/\/www.facebook.com\/people\/Collall\/100064976852539\/\",\"https:\/\/www.instagram.com\/collall_1949\/\",\"https:\/\/nl.pinterest.com\/CollallBV\/\",\"https:\/\/www.youtube.com\/channel\/UCrCGuwth_udZhTqJSh5g9zg\"]}]}<\/script>\n<!-- \/ Yoast SEO plugin. -->","yoast_head_json":{"title":"Collall Cellulose Kleister - Collall","description":"Cellulose Kleister zum Verkleben von Papier und Karton, sowie zur Herstellung von Pappmach\u00e9. Hervorragend f\u00fcr kleine Kinder.","robots":{"index":"index","follow":"follow","max-snippet":"max-snippet:-1","max-image-preview":"max-image-preview:large","max-video-preview":"max-video-preview:-1"},"canonical":"https:\/\/collall.nl\/de\/product\/collall-cellulose-kleister\/","og_locale":"de_DE","og_type":"article","og_title":"Collall Cellulose Kleister - Collall","og_description":"Cellulose Kleister zum Verkleben von Papier und Karton, sowie zur Herstellung von Pappmach\u00e9. Hervorragend f\u00fcr kleine Kinder.","og_url":"https:\/\/collall.nl\/de\/product\/collall-cellulose-kleister\/","og_site_name":"Collall","article_publisher":"https:\/\/www.facebook.com\/people\/Collall\/100064976852539\/","article_modified_time":"2025-03-18T14:12:00+00:00","og_image":[{"width":1000,"height":1000,"url":"https:\/\/collall.nl\/wp-content\/uploads\/2022\/03\/COLPP0250-plakpoeder.jpg","type":"image\/jpeg"}],"twitter_card":"summary_large_image","twitter_misc":{"Gesch\u00e4tzte Lesezeit":"3\u00a0Minuten"},"schema":{"@context":"https:\/\/schema.org","@graph":[{"@type":"WebPage","@id":"https:\/\/collall.nl\/de\/product\/collall-cellulose-kleister\/","url":"https:\/\/collall.nl\/de\/product\/collall-cellulose-kleister\/","name":"Collall Cellulose Kleister - Collall","isPartOf":{"@id":"https:\/\/collall.nl\/#website"},"primaryImageOfPage":{"@id":"https:\/\/collall.nl\/de\/product\/collall-cellulose-kleister\/#primaryimage"},"image":{"@id":"https:\/\/collall.nl\/de\/product\/collall-cellulose-kleister\/#primaryimage"},"thumbnailUrl":"https:\/\/collall.nl\/wp-content\/uploads\/2022\/03\/COLPP0250-plakpoeder.jpg","datePublished":"2022-03-01T09:18:30+00:00","dateModified":"2025-03-18T14:12:00+00:00","description":"Cellulose Kleister zum Verkleben von Papier und Karton, sowie zur Herstellung von Pappmach\u00e9. Hervorragend f\u00fcr kleine Kinder.","breadcrumb":{"@id":"https:\/\/collall.nl\/de\/product\/collall-cellulose-kleister\/#breadcrumb"},"inLanguage":"de","potentialAction":[{"@type":"ReadAction","target":["https:\/\/collall.nl\/de\/product\/collall-cellulose-kleister\/"]}]},{"@type":"ImageObject","inLanguage":"de","@id":"https:\/\/collall.nl\/de\/product\/collall-cellulose-kleister\/#primaryimage","url":"https:\/\/collall.nl\/wp-content\/uploads\/2022\/03\/COLPP0250-plakpoeder.jpg","contentUrl":"https:\/\/collall.nl\/wp-content\/uploads\/2022\/03\/COLPP0250-plakpoeder.jpg","width":1000,"height":1000,"caption":"Collall Plakpoeder"},{"@type":"BreadcrumbList","@id":"https:\/\/collall.nl\/de\/product\/collall-cellulose-kleister\/#breadcrumb","itemListElement":[{"@type":"ListItem","position":1,"name":"Home","item":"https:\/\/collall.nl\/de\/hauptseite\/"},{"@type":"ListItem","position":2,"name":"Produkte","item":"https:\/\/collall.nl\/de\/produkte\/"},{"@type":"ListItem","position":3,"name":"Collall Cellulose Kleister"}]},{"@type":"WebSite","@id":"https:\/\/collall.nl\/#website","url":"https:\/\/collall.nl\/","name":"Collall","description":"Adhesives &amp; Paints since 1949","publisher":{"@id":"https:\/\/collall.nl\/#organization"},"potentialAction":[{"@type":"SearchAction","target":{"@type":"EntryPoint","urlTemplate":"https:\/\/collall.nl\/?s={search_term_string}"},"query-input":{"@type":"PropertyValueSpecification","valueRequired":true,"valueName":"search_term_string"}}],"inLanguage":"de"},{"@type":"Organization","@id":"https:\/\/collall.nl\/#organization","name":"Collall B.V.","url":"https:\/\/collall.nl\/","logo":{"@type":"ImageObject","inLanguage":"de","@id":"https:\/\/collall.nl\/#\/schema\/logo\/image\/","url":"https:\/\/collall.nl\/wp-content\/uploads\/2022\/08\/Collall-logo-186C_Reflex-blue.jpg","contentUrl":"https:\/\/collall.nl\/wp-content\/uploads\/2022\/08\/Collall-logo-186C_Reflex-blue.jpg","width":1963,"height":1179,"caption":"Collall B.V."},"image":{"@id":"https:\/\/collall.nl\/#\/schema\/logo\/image\/"},"sameAs":["https:\/\/www.facebook.com\/people\/Collall\/100064976852539\/","https:\/\/www.instagram.com\/collall_1949\/","https:\/\/nl.pinterest.com\/CollallBV\/","https:\/\/www.youtube.com\/channel\/UCrCGuwth_udZhTqJSh5g9zg"]}]}},"_links":{"self":[{"href":"https:\/\/collall.nl\/de\/wp-json\/wp\/v2\/product\/10264","targetHints":{"allow":["GET"]}}],"collection":[{"href":"https:\/\/collall.nl\/de\/wp-json\/wp\/v2\/product"}],"about":[{"href":"https:\/\/collall.nl\/de\/wp-json\/wp\/v2\/types\/product"}],"replies":[{"embeddable":true,"href":"https:\/\/collall.nl\/de\/wp-json\/wp\/v2\/comments?post=10264"}],"wp:featuredmedia":[{"embeddable":true,"href":"https:\/\/collall.nl\/de\/wp-json\/wp\/v2\/media\/24594"}],"wp:attachment":[{"href":"https:\/\/collall.nl\/de\/wp-json\/wp\/v2\/media?parent=10264"}],"wp:term":[{"taxonomy":"product_brand","embeddable":true,"href":"https:\/\/collall.nl\/de\/wp-json\/wp\/v2\/product_brand?post=10264"},{"taxonomy":"product_cat","embeddable":true,"href":"https:\/\/collall.nl\/de\/wp-json\/wp\/v2\/product_cat?post=10264"},{"taxonomy":"product_tag","embeddable":true,"href":"https:\/\/collall.nl\/de\/wp-json\/wp\/v2\/product_tag?post=10264"}],"curies":[{"name":"wp","href":"https:\/\/api.w.org\/{rel}","templated":true}]}}