{"id":10234,"date":"2022-03-01T09:17:32","date_gmt":"2022-03-01T09:17:32","guid":{"rendered":"http:\/\/collall.test\/product\/collall-schulkleber-transparent\/"},"modified":"2025-03-20T16:21:10","modified_gmt":"2025-03-20T15:21:10","slug":"collall-schulkleber-transparent","status":"publish","type":"product","link":"https:\/\/collall.nl\/de\/product\/collall-schulkleber-transparent\/","title":{"rendered":"Collall Schulkleber transparent"},"content":{"rendered":"<p class=\"p1\"><strong>Anwendung:<\/strong> Collall Schulkleber transparent ist geeignet f\u00fcr das kleben von Papier, Karton und verschiedenen leichten Textilien und anderen Materialien.<\/p>\n<p class=\"p1\"><b>Aussehen und Geruch:<\/b><\/p>\n<ul>\n<li data-start=\"47\" data-end=\"79\">Transparente Fl\u00fcssigkeit<\/li>\n<li data-start=\"80\" data-end=\"106\">Leicht auswaschbar<\/li>\n<li data-start=\"107\" data-end=\"149\">Erf\u00fcllt die europ\u00e4ische Norm EN-71<\/li>\n<li data-start=\"150\" data-end=\"189\">Der Kleber trocknet transparent<\/li>\n<li data-start=\"190\" data-end=\"207\">Geruchlos<\/li>\n<\/ul>\n<p class=\"p1\"><b>L\u00f6sungsmittel: <\/b>Wasser<\/p>\n<p><strong>Hauptinhaltsstoff:<\/strong> Polyvinylalcohol<\/p>\n<p class=\"p1\"><b>Nat\u00fcrliche Inhaltsstoffe:<\/b> 90%<\/p>\n<p class=\"p1\"><b>Viskosit\u00e4t:<\/b> 3.000 mPa.s<\/p>\n<p class=\"p1\"><b>pH:<\/b> 7<\/p>\n<p><strong>CE<\/strong>: Ja<\/p>\n<p class=\"p1\"><b>Dichte: <\/b>1,02 kg\/dm\u00b3<\/p>\n<p><strong>Verwendung:<\/strong><\/p>\n<ul>\n<li>Die zu klebenden Materialien sollten trocken und frei von Staub und Schmutz sein.<\/li>\n<li>Direkt aus der Flasche auf die Oberfl\u00e4che auftragen und gegebenenfalls mit einem <a href=\"https:\/\/collall.nl\/de\/product\/colorall-leimpinsel-leimspachtel\/\">Spachtel oder Pinsel<\/a> verteilen.<\/li>\n<li>Idealerweise bei Raumtemperatur verwenden. Kurz antrocknen lassen und beide Teile einige Augenblicken fest andr\u00fccken.<\/li>\n<li>Der Klebstoff kann einseitig oder zweiseitig aufgetragen werden.<\/li>\n<\/ul>\n<p class=\"p1\"><b>Allergene:<\/b>\u00a0Enth\u00e4lt CMIT\/MIT.\u00a0Kann allergische Reaktionen hervorrufen.<\/p>\n<p class=\"p1\"><b>Geeignet f\u00fcr:\u00a0<\/b>Kinder ab 3 Jahren.<\/p>\n<p class=\"p1\"><b>Flecken: <\/b><\/p>\n<ul>\n<li class=\"p1\">Wenn der Kleber noch feucht ist, k\u00f6nnen Werkzeuge\/Oberfl\u00e4chen einfach mit Wasser gereinigt werden.<\/li>\n<li class=\"p1\">Leicht mit kaltem\/warmem Wasser von Hand oder in der Waschmaschine auswaschbar.<\/li>\n<\/ul>\n<h4 data-start=\"52\" data-end=\"108\"><strong data-start=\"52\" data-end=\"106\">Collall Schulkleber f\u00fcr verschiedene Schulprojekte<\/strong><\/h4>\n<p data-start=\"110\" data-end=\"142\"><strong>Zwei Varianten Schulkleber<\/strong><\/p>\n<p data-start=\"143\" data-end=\"313\">Unser Schulkleber ist in zwei Varianten erh\u00e4ltlich: ein transparenter Kleber und ein wei\u00dfer Kleber. Beide Kleber sind eine ideale L\u00f6sung f\u00fcr verschiedene Schulprojekte.<\/p>\n<p data-start=\"315\" data-end=\"519\">Entdecken Sie <a href=\"https:\/\/collall.nl\/de\/product\/collall-schulkleber-weis\/\" target=\"_blank\" rel=\"noopener\"><strong data-start=\"329\" data-end=\"364\">Collall Schulkleber wei\u00df<\/strong><\/a>, eine praktische L\u00f6sung f\u00fcr Projekte im Klassenzimmer und in der Schule. Dieser Kleber kann ab 3 Jahren f\u00fcr verschiedene Schulprojekte verwendet werden.<\/p>\n<p data-start=\"521\" data-end=\"580\"><strong>Einfaches und schnelles Nachf\u00fcllen mit der Klebepumpe<\/strong><\/p>\n<p data-start=\"581\" data-end=\"1101\">Collall Schulkleber ist in 100-ml-Flaschen erh\u00e4ltlich, die Sie mit unseren praktischen <strong data-start=\"668\" data-end=\"704\">Gro\u00dfpackungen von 1 und 5 Litern<\/strong> selbst nachf\u00fcllen k\u00f6nnen. Mit wenigen Pumpbewegungen k\u00f6nnen Sie die kleinen Flaschen mit der <a href=\"https:\/\/collall.nl\/de\/product\/zubehoer\/\" target=\"_blank\" rel=\"noopener\"><strong data-start=\"798\" data-end=\"823\">handlichen Klebepumpe<\/strong><\/a> schnell wieder auff\u00fcllen. Der Schulkleber ist ein <strong data-start=\"874\" data-end=\"934\">preisg\u00fcnstiger, wasserbasierter und auswaschbarer Kleber<\/strong>. Er eignet sich besonders gut zum Kleben von Papier, Karton, leichten Textilien und verschiedenen anderen Materialien, die in Schulen beim Basteln verwendet werden.<\/p>\n<p data-start=\"1103\" data-end=\"1169\"><strong>Wof\u00fcr kann unser Kleber in der Schule noch verwendet werden?<\/strong><\/p>\n<p data-start=\"1170\" data-end=\"1377\">Die M\u00f6glichkeiten des <strong data-start=\"1192\" data-end=\"1228\">Collall Schulklebers transparent<\/strong> sind endlos! Vom Basteln und Anfertigen von Schulaufgaben bis hin zur Gestaltung von Collagen \u2013 unser Schulkleber h\u00e4lt alles zuverl\u00e4ssig zusammen.<\/p>\n<p data-start=\"1379\" data-end=\"1410\"><strong>Vorteile des Schulklebers<\/strong><\/p>\n<p data-start=\"1411\" data-end=\"1724\">Die Vorteile des <strong data-start=\"1428\" data-end=\"1452\">Collall Schulklebers<\/strong> sprechen f\u00fcr sich. Tische lassen sich <strong data-start=\"1491\" data-end=\"1547\">schnell und einfach mit einem feuchten Tuch reinigen<\/strong>, und <strong data-start=\"1553\" data-end=\"1600\">Flecken in Kleidung sind leicht auswaschbar<\/strong>. Der Kleber trocknet <strong data-start=\"1622\" data-end=\"1637\">transparent<\/strong> und ist <strong data-start=\"1646\" data-end=\"1659\">geruchlos<\/strong>, was f\u00fcr eine angenehme Arbeitsumgebung f\u00fcr alle Kinder sorgt.<\/p>\n","protected":false},"excerpt":{"rendered":"<p>Collall Schulkleber transparent ist ein preiswerter und auswaschbarer Klebstoff auf Wasserbasis. Geeignet zum Kleben von Papier, Karton und verschiedenen leichten Textilien und anderen Materialien.<\/p>\n","protected":false},"featured_media":31967,"comment_status":"open","ping_status":"closed","template":"","meta":{"_acf_changed":false},"product_brand":[],"product_cat":[176],"product_tag":[],"class_list":{"0":"post-10234","1":"product","2":"type-product","3":"status-publish","4":"has-post-thumbnail","6":"product_cat-kleber-und-lackleim","8":"first","9":"instock","10":"shipping-taxable","11":"purchasable","12":"product-type-variable"},"acf":[],"yoast_head":"<!-- This site is optimized with the Yoast SEO plugin v27.2 - https:\/\/yoast.com\/product\/yoast-seo-wordpress\/ -->\n<title>Collall Schulkleber transparent - Collall<\/title>\n<meta name=\"description\" content=\"Collall Schulkleber transparent ist ein preiswerter und auswaschbarer Kleber auf Wasserbasis. Geeignet zum Kleben von Papier, Karton und unw.\" \/>\n<meta name=\"robots\" content=\"index, follow, max-snippet:-1, max-image-preview:large, max-video-preview:-1\" \/>\n<link rel=\"canonical\" href=\"https:\/\/collall.nl\/de\/product\/collall-schulkleber-transparent\/\" \/>\n<meta property=\"og:locale\" content=\"de_DE\" \/>\n<meta property=\"og:type\" content=\"article\" \/>\n<meta property=\"og:title\" content=\"Collall Schulkleber transparent - Collall\" \/>\n<meta property=\"og:description\" content=\"Collall Schulkleber transparent ist ein preiswerter und auswaschbarer Kleber auf Wasserbasis. Geeignet zum Kleben von Papier, Karton und unw.\" \/>\n<meta property=\"og:url\" content=\"https:\/\/collall.nl\/de\/product\/collall-schulkleber-transparent\/\" \/>\n<meta property=\"og:site_name\" content=\"Collall\" \/>\n<meta property=\"article:publisher\" content=\"https:\/\/www.facebook.com\/people\/Collall\/100064976852539\/\" \/>\n<meta property=\"article:modified_time\" content=\"2025-03-20T15:21:10+00:00\" \/>\n<meta property=\"og:image\" content=\"https:\/\/collall.nl\/wp-content\/uploads\/2022\/03\/COLKC0100.jpg\" \/>\n\t<meta property=\"og:image:width\" content=\"800\" \/>\n\t<meta property=\"og:image:height\" content=\"800\" \/>\n\t<meta property=\"og:image:type\" content=\"image\/jpeg\" \/>\n<meta name=\"twitter:card\" content=\"summary_large_image\" \/>\n<meta name=\"twitter:label1\" content=\"Gesch\u00e4tzte Lesezeit\" \/>\n\t<meta name=\"twitter:data1\" content=\"2\u00a0Minuten\" \/>\n<script type=\"application\/ld+json\" class=\"yoast-schema-graph\">{\"@context\":\"https:\/\/schema.org\",\"@graph\":[{\"@type\":\"WebPage\",\"@id\":\"https:\/\/collall.nl\/de\/product\/collall-schulkleber-transparent\/\",\"url\":\"https:\/\/collall.nl\/de\/product\/collall-schulkleber-transparent\/\",\"name\":\"Collall Schulkleber transparent - Collall\",\"isPartOf\":{\"@id\":\"https:\/\/collall.nl\/#website\"},\"primaryImageOfPage\":{\"@id\":\"https:\/\/collall.nl\/de\/product\/collall-schulkleber-transparent\/#primaryimage\"},\"image\":{\"@id\":\"https:\/\/collall.nl\/de\/product\/collall-schulkleber-transparent\/#primaryimage\"},\"thumbnailUrl\":\"https:\/\/collall.nl\/wp-content\/uploads\/2022\/03\/Schoollijm-Transparant.jpg.webp\",\"datePublished\":\"2022-03-01T09:17:32+00:00\",\"dateModified\":\"2025-03-20T15:21:10+00:00\",\"description\":\"Collall Schulkleber transparent ist ein preiswerter und auswaschbarer Kleber auf Wasserbasis. Geeignet zum Kleben von Papier, Karton und unw.\",\"breadcrumb\":{\"@id\":\"https:\/\/collall.nl\/de\/product\/collall-schulkleber-transparent\/#breadcrumb\"},\"inLanguage\":\"de\",\"potentialAction\":[{\"@type\":\"ReadAction\",\"target\":[\"https:\/\/collall.nl\/de\/product\/collall-schulkleber-transparent\/\"]}]},{\"@type\":\"ImageObject\",\"inLanguage\":\"de\",\"@id\":\"https:\/\/collall.nl\/de\/product\/collall-schulkleber-transparent\/#primaryimage\",\"url\":\"https:\/\/collall.nl\/wp-content\/uploads\/2022\/03\/Schoollijm-Transparant.jpg.webp\",\"contentUrl\":\"https:\/\/collall.nl\/wp-content\/uploads\/2022\/03\/Schoollijm-Transparant.jpg.webp\",\"width\":1000,\"height\":1000},{\"@type\":\"BreadcrumbList\",\"@id\":\"https:\/\/collall.nl\/de\/product\/collall-schulkleber-transparent\/#breadcrumb\",\"itemListElement\":[{\"@type\":\"ListItem\",\"position\":1,\"name\":\"Home\",\"item\":\"https:\/\/collall.nl\/de\/\"},{\"@type\":\"ListItem\",\"position\":2,\"name\":\"Produkte\",\"item\":\"https:\/\/collall.nl\/de\/produkte\/\"},{\"@type\":\"ListItem\",\"position\":3,\"name\":\"Collall Schulkleber transparent\"}]},{\"@type\":\"WebSite\",\"@id\":\"https:\/\/collall.nl\/#website\",\"url\":\"https:\/\/collall.nl\/\",\"name\":\"Collall\",\"description\":\"Adhesives &amp; Paints since 1949\",\"publisher\":{\"@id\":\"https:\/\/collall.nl\/#organization\"},\"potentialAction\":[{\"@type\":\"SearchAction\",\"target\":{\"@type\":\"EntryPoint\",\"urlTemplate\":\"https:\/\/collall.nl\/?s={search_term_string}\"},\"query-input\":{\"@type\":\"PropertyValueSpecification\",\"valueRequired\":true,\"valueName\":\"search_term_string\"}}],\"inLanguage\":\"de\"},{\"@type\":\"Organization\",\"@id\":\"https:\/\/collall.nl\/#organization\",\"name\":\"Collall B.V.\",\"url\":\"https:\/\/collall.nl\/\",\"logo\":{\"@type\":\"ImageObject\",\"inLanguage\":\"de\",\"@id\":\"https:\/\/collall.nl\/#\/schema\/logo\/image\/\",\"url\":\"https:\/\/collall.nl\/wp-content\/uploads\/2022\/08\/Collall-logo-186C_Reflex-blue.jpg\",\"contentUrl\":\"https:\/\/collall.nl\/wp-content\/uploads\/2022\/08\/Collall-logo-186C_Reflex-blue.jpg\",\"width\":1963,\"height\":1179,\"caption\":\"Collall B.V.\"},\"image\":{\"@id\":\"https:\/\/collall.nl\/#\/schema\/logo\/image\/\"},\"sameAs\":[\"https:\/\/www.facebook.com\/people\/Collall\/100064976852539\/\",\"https:\/\/www.instagram.com\/collall_1949\/\",\"https:\/\/nl.pinterest.com\/CollallBV\/\",\"https:\/\/www.youtube.com\/channel\/UCrCGuwth_udZhTqJSh5g9zg\"]}]}<\/script>\n<!-- \/ Yoast SEO plugin. -->","yoast_head_json":{"title":"Collall Schulkleber transparent - Collall","description":"Collall Schulkleber transparent ist ein preiswerter und auswaschbarer Kleber auf Wasserbasis. Geeignet zum Kleben von Papier, Karton und unw.","robots":{"index":"index","follow":"follow","max-snippet":"max-snippet:-1","max-image-preview":"max-image-preview:large","max-video-preview":"max-video-preview:-1"},"canonical":"https:\/\/collall.nl\/de\/product\/collall-schulkleber-transparent\/","og_locale":"de_DE","og_type":"article","og_title":"Collall Schulkleber transparent - Collall","og_description":"Collall Schulkleber transparent ist ein preiswerter und auswaschbarer Kleber auf Wasserbasis. Geeignet zum Kleben von Papier, Karton und unw.","og_url":"https:\/\/collall.nl\/de\/product\/collall-schulkleber-transparent\/","og_site_name":"Collall","article_publisher":"https:\/\/www.facebook.com\/people\/Collall\/100064976852539\/","article_modified_time":"2025-03-20T15:21:10+00:00","og_image":[{"width":800,"height":800,"url":"https:\/\/collall.nl\/wp-content\/uploads\/2022\/03\/COLKC0100.jpg","type":"image\/jpeg"}],"twitter_card":"summary_large_image","twitter_misc":{"Gesch\u00e4tzte Lesezeit":"2\u00a0Minuten"},"schema":{"@context":"https:\/\/schema.org","@graph":[{"@type":"WebPage","@id":"https:\/\/collall.nl\/de\/product\/collall-schulkleber-transparent\/","url":"https:\/\/collall.nl\/de\/product\/collall-schulkleber-transparent\/","name":"Collall Schulkleber transparent - Collall","isPartOf":{"@id":"https:\/\/collall.nl\/#website"},"primaryImageOfPage":{"@id":"https:\/\/collall.nl\/de\/product\/collall-schulkleber-transparent\/#primaryimage"},"image":{"@id":"https:\/\/collall.nl\/de\/product\/collall-schulkleber-transparent\/#primaryimage"},"thumbnailUrl":"https:\/\/collall.nl\/wp-content\/uploads\/2022\/03\/Schoollijm-Transparant.jpg.webp","datePublished":"2022-03-01T09:17:32+00:00","dateModified":"2025-03-20T15:21:10+00:00","description":"Collall Schulkleber transparent ist ein preiswerter und auswaschbarer Kleber auf Wasserbasis. Geeignet zum Kleben von Papier, Karton und unw.","breadcrumb":{"@id":"https:\/\/collall.nl\/de\/product\/collall-schulkleber-transparent\/#breadcrumb"},"inLanguage":"de","potentialAction":[{"@type":"ReadAction","target":["https:\/\/collall.nl\/de\/product\/collall-schulkleber-transparent\/"]}]},{"@type":"ImageObject","inLanguage":"de","@id":"https:\/\/collall.nl\/de\/product\/collall-schulkleber-transparent\/#primaryimage","url":"https:\/\/collall.nl\/wp-content\/uploads\/2022\/03\/Schoollijm-Transparant.jpg.webp","contentUrl":"https:\/\/collall.nl\/wp-content\/uploads\/2022\/03\/Schoollijm-Transparant.jpg.webp","width":1000,"height":1000},{"@type":"BreadcrumbList","@id":"https:\/\/collall.nl\/de\/product\/collall-schulkleber-transparent\/#breadcrumb","itemListElement":[{"@type":"ListItem","position":1,"name":"Home","item":"https:\/\/collall.nl\/de\/"},{"@type":"ListItem","position":2,"name":"Produkte","item":"https:\/\/collall.nl\/de\/produkte\/"},{"@type":"ListItem","position":3,"name":"Collall Schulkleber transparent"}]},{"@type":"WebSite","@id":"https:\/\/collall.nl\/#website","url":"https:\/\/collall.nl\/","name":"Collall","description":"Adhesives &amp; Paints since 1949","publisher":{"@id":"https:\/\/collall.nl\/#organization"},"potentialAction":[{"@type":"SearchAction","target":{"@type":"EntryPoint","urlTemplate":"https:\/\/collall.nl\/?s={search_term_string}"},"query-input":{"@type":"PropertyValueSpecification","valueRequired":true,"valueName":"search_term_string"}}],"inLanguage":"de"},{"@type":"Organization","@id":"https:\/\/collall.nl\/#organization","name":"Collall B.V.","url":"https:\/\/collall.nl\/","logo":{"@type":"ImageObject","inLanguage":"de","@id":"https:\/\/collall.nl\/#\/schema\/logo\/image\/","url":"https:\/\/collall.nl\/wp-content\/uploads\/2022\/08\/Collall-logo-186C_Reflex-blue.jpg","contentUrl":"https:\/\/collall.nl\/wp-content\/uploads\/2022\/08\/Collall-logo-186C_Reflex-blue.jpg","width":1963,"height":1179,"caption":"Collall B.V."},"image":{"@id":"https:\/\/collall.nl\/#\/schema\/logo\/image\/"},"sameAs":["https:\/\/www.facebook.com\/people\/Collall\/100064976852539\/","https:\/\/www.instagram.com\/collall_1949\/","https:\/\/nl.pinterest.com\/CollallBV\/","https:\/\/www.youtube.com\/channel\/UCrCGuwth_udZhTqJSh5g9zg"]}]}},"_links":{"self":[{"href":"https:\/\/collall.nl\/de\/wp-json\/wp\/v2\/product\/10234","targetHints":{"allow":["GET"]}}],"collection":[{"href":"https:\/\/collall.nl\/de\/wp-json\/wp\/v2\/product"}],"about":[{"href":"https:\/\/collall.nl\/de\/wp-json\/wp\/v2\/types\/product"}],"replies":[{"embeddable":true,"href":"https:\/\/collall.nl\/de\/wp-json\/wp\/v2\/comments?post=10234"}],"wp:featuredmedia":[{"embeddable":true,"href":"https:\/\/collall.nl\/de\/wp-json\/wp\/v2\/media\/31967"}],"wp:attachment":[{"href":"https:\/\/collall.nl\/de\/wp-json\/wp\/v2\/media?parent=10234"}],"wp:term":[{"taxonomy":"product_brand","embeddable":true,"href":"https:\/\/collall.nl\/de\/wp-json\/wp\/v2\/product_brand?post=10234"},{"taxonomy":"product_cat","embeddable":true,"href":"https:\/\/collall.nl\/de\/wp-json\/wp\/v2\/product_cat?post=10234"},{"taxonomy":"product_tag","embeddable":true,"href":"https:\/\/collall.nl\/de\/wp-json\/wp\/v2\/product_tag?post=10234"}],"curies":[{"name":"wp","href":"https:\/\/api.w.org\/{rel}","templated":true}]}}