{"id":10152,"date":"2022-03-01T09:16:53","date_gmt":"2022-03-01T09:16:57","guid":{"rendered":"http:\/\/collall.test\/product\/collall-buchbinderleim\/"},"modified":"2025-05-08T11:16:30","modified_gmt":"2025-05-08T09:16:30","slug":"collall-buchbinderleim","status":"publish","type":"product","link":"https:\/\/collall.nl\/de\/product\/collall-buchbinderleim\/","title":{"rendered":"Collall Buchbinderleim"},"content":{"rendered":"<p class=\"p1\"><b>Anwendung: <\/b>Collall Buchbinderleim ist perfekt zum Kleben von Karton, Papier und Textilien und daher ideal f\u00fcr Aufgaben wie das Binden und Reparieren von B\u00fcchern. Er eignet sich auch zum Kleben von Materialien wie Papier, Karton, Kork, Holz, Textilien und Kunststoffen. Dar\u00fcber hinaus kann er verwendet werden, um Malerleinw\u00e4nde zu impr\u00e4gnieren oder als Basis f\u00fcr Farbe, indem die Leim mit einem Pigment gemischt wird.<\/p>\n<p class=\"p1\"><b>Eigenschaften:<\/b><\/p>\n<ul class=\"ul1\">\n<li class=\"li1\">Dicke wei\u00dfe Fl\u00fcssigkeit<\/li>\n<li class=\"li1\">Trocknet transparent<\/li>\n<li class=\"li1\">Schnell trocknend<\/li>\n<li class=\"li1\">Flexibel<\/li>\n<li class=\"li1\">Wasserfest<\/li>\n<\/ul>\n<p class=\"p1\"><b>L\u00f6sungsmittel:\u00a0<\/b>Wasser<\/p>\n<p class=\"p1\"><b>Hauptzutat:\u00a0<\/b>Polyvinylacetaat PVAc<\/p>\n<p class=\"p1\"><b>Spezifisches Gewicht:<\/b> 1,10 kg\/dm\u00b3<\/p>\n<p class=\"p1\"><b>Nat\u00fcrliche Inhaltsstoffe:<\/b> 40%<\/p>\n<p class=\"p1\"><b>Viskosit\u00e4t:<\/b> 12.000 mPa.s<\/p>\n<p class=\"p1\"><b>pH:<\/b> 6<\/p>\n<p class=\"p1\"><b>CE:<\/b> \u2013<\/p>\n<p class=\"p1\"><b>Leimverbrauch:<\/b> Ca. 200 Gramm pro m\u00b2.<\/p>\n<p><strong>Verarbeitung:<\/strong><\/p>\n<ul>\n<li>Die zu verklebenden Materialien m\u00fcssen trocken sowie frei von Staub und Schmutz sein.<\/li>\n<li>Den Leim gro\u00dfz\u00fcgig mit einem Leimpinsel auftragen oder die Teile eintauchen.<\/li>\n<li>Bei der Verarbeitung von Stoff nur den Karton einleimen.<\/li>\n<li>Trocknungszeit: ca. 1 Stunde.<\/li>\n<\/ul>\n<p><strong>Allergene: <\/strong>Enth\u00e4lt CMIT\/MIT und 1,2-benzisothiazol-3(2H)-one. Kann allergische Reaktionen hervorrufen.<\/p>\n<p><strong>Geeignet f\u00fcr: <\/strong>Eignet sich zur Anwendung ab 6 Jahren<\/p>\n<p><strong>Flecken: <\/strong><\/p>\n<ul>\n<li>Werkzeuge k\u00f6nnen mit Wasser gereinigt werden, solange der Leim noch nass ist (eventuell kann ein synthetisches Reinigungsmittel dem Wasser hinzugef\u00fcgt werden).<\/li>\n<li>Flecken von getrocknetem Leim sollten kurz in warmem Wasser eingeweicht und anschlie\u00dfend mit einer B\u00fcrste entfernt werden.<\/li>\n<\/ul>\n<h4><strong>Buchbinderleim, auch Cachetleim genannt<\/strong><\/h4>\n<p>Collall Buchbinderleim ist ein vielseitiger, dickfl\u00fcssiger wei\u00dfer Leim auf Wasserbasis, der auch als Cachetleim bezeichnet wird. Das Wort \u201eCachetleim\u201c stammt vom franz\u00f6sischen Verb \u201ecacher\u201c, was verstecken oder bedecken bedeutet. Im Zusammenhang mit Kleben und Buchbinden bezieht sich \u201ecachet\u201c auf den Prozess, bei dem Papier, Stoff oder anderes Material auf eine Oberfl\u00e4che geklebt wird, oft um es zu verst\u00e4rken, zu sch\u00fctzen oder um eine sch\u00f6ne Oberfl\u00e4che zu schaffen.<\/p>\n<p>Cachetleim wird speziell f\u00fcr das Auftragen dieser Art von Beschichtung oder Verst\u00e4rkung verwendet, zum Beispiel beim Binden von B\u00fcchern, bei denen das Einbandmaterial auf den Buchr\u00fccken geklebt wird, oder beim \u00dcberziehen von Kartons und Verpackungen. Das Ziel ist oft, die darunterliegende Struktur zu verbergen oder zu versch\u00f6nern.<\/p>\n<h5>Collall Buchbinderleim ist speziell f\u00fcr eine breite Palette von Anwendungen entwickelt worden, sowohl kreativ als auch praktisch, und ist damit ein unverzichtbares Werkzeug f\u00fcr Hobbyisten, K\u00fcnstler und Handwerker.<\/h5>\n<h6><strong>Buchbinden und Reparatur von B\u00fcchern<\/strong><\/h6>\n<p>Collall Buchbinderleim ist ideal f\u00fcr das Binden und Reparieren von B\u00fcchern. Egal, ob Sie einen neuen Bucheinband erstellen, einen losgel\u00f6sten R\u00fccken reparieren oder einem alten Buch neues Leben einhauchen m\u00f6chten, dieser Leim bietet die starke Haftung, die notwendig ist, um Ihre B\u00fccher stabil und langlebig zu machen. Dank der dickfl\u00fcssigen Konsistenz k\u00f6nnen Sie den Leim genau dort auftragen, wo Sie ihn ben\u00f6tigen, ohne dass er unerw\u00fcnscht verschmiert.<\/p>\n<h6><strong>Impr\u00e4gnieren und Vorbereiten von Leinwand<\/strong><\/h6>\n<p>F\u00fcr K\u00fcnstler und Hobbyisten ist dieser Leim perfekt zum Impr\u00e4gnieren und Vorbereiten von Leinw\u00e4nden. Durch die Behandlung der Leinwand mit Collall Buchbinderleim schaffen Sie eine feste und gleichm\u00e4\u00dfige Oberfl\u00e4che, die bereit ist, bemalt zu werden. Die Leinwand erh\u00e4lt eine glatte und dauerhafte Oberfl\u00e4che, was zu einem langfristig sch\u00f6nen Endergebnis und einer weniger saugf\u00e4higen Oberfl\u00e4che f\u00fchrt.<\/p>\n<h6><strong>Scrapbooking und Journaling<\/strong><\/h6>\n<p>Die Beliebtheit von Scrapbooking und Journaling w\u00e4chst weiter, und Collall Buchbinderleim ist die perfekte Wahl f\u00fcr diese kreativen Ausdrucksformen. Dank der flexiblen und starken Haftung k\u00f6nnen Sie problemlos Papier, Fotos und dekorative Elemente auf Ihren Seiten befestigen, ohne dass Falten oder Risse entstehen. Der Leim trocknet transparent, sodass Ihre Arbeit professionell und ordentlich aussieht, selbst bei der Verwendung von d\u00fcnnen Papiersorten.<\/p>\n<h6><strong>Bindemittel f\u00fcr Farbe<\/strong><\/h6>\n<p>Collall Buchbinderleim ist auch hervorragend als Bindemittel f\u00fcr die Herstellung von Farben geeignet. Durch das Hinzuf\u00fcgen von Pigmenten zum Leim k\u00f6nnen Sie Ihre eigenen Farben und Texturen kreieren, ideal sowohl f\u00fcr K\u00fcnstler als auch f\u00fcr Heimwerker. Der Leim sorgt f\u00fcr eine stabile und dauerhafte Farbe, die sowohl auf Leinwand als auch auf anderen Oberfl\u00e4chen gut haftet.<\/p>\n<h6><strong>Modellbau<\/strong><\/h6>\n<p>Dank der Flexibilit\u00e4t von Collall Buchbinderleim ist dieser Leim auch bestens f\u00fcr den Modellbau geeignet. Er ist ideal zum Kleben verschiedener Materialien wie Schienen, Holz und Plastikteile. Der Leim bietet eine starke Haftung, ohne hart und spr\u00f6de zu werden, was besonders wichtig f\u00fcr Modelle ist, die Bewegungen oder Vibrationen ausgesetzt sind.<\/p>\n<p>&nbsp;<\/p>\n<p class=\"p1\"><b>Weitere PVAc-Klebstoffe in unserem Sortiment:<\/b><\/p>\n<ul class=\"ul1\">\n<li class=\"li1\">Collall Buchbinderleim<\/li>\n<li class=\"li1\">Collall Schaumkleber<\/li>\n<li class=\"li1\">Collall Holzleim<\/li>\n<li class=\"li1\">Collall Mosaikkleber<\/li>\n<li class=\"li1\">Collall Quilling-Kleber<\/li>\n<li class=\"li1\">Collall Tacky Glue<\/li>\n<li class=\"li1\">Collall Textilkleber<\/li>\n<li class=\"li1\">Collall Filzkleber<\/li>\n<li class=\"li1\">Collall Schulkleber wei\u00df<\/li>\n<\/ul>\n","protected":false},"excerpt":{"rendered":"<p>Collall Buchbinderleim ist ein vielseitiger, dickfl\u00fcssiger, wei\u00dfer Leim auf Wasserbasis (auch als Kaschierleim bekannt).<\/p>\n<p>Geeignet zum Binden und Reparieren von B\u00fcchern, zum Impr\u00e4gnieren und Vorbereiten von Leinwand und f\u00fcr Scrapbooking\/Journaling.<\/p>\n","protected":false},"featured_media":28923,"comment_status":"open","ping_status":"closed","template":"","meta":{"_acf_changed":false},"product_brand":[],"product_cat":[176],"product_tag":[],"class_list":{"0":"post-10152","1":"product","2":"type-product","3":"status-publish","4":"has-post-thumbnail","6":"product_cat-kleber-und-lackleim","8":"first","9":"instock","10":"shipping-taxable","11":"purchasable","12":"product-type-variable"},"acf":[],"yoast_head":"<!-- This site is optimized with the Yoast SEO plugin v27.2 - https:\/\/yoast.com\/product\/yoast-seo-wordpress\/ -->\n<title>Collall Buchbinderleim - Collall<\/title>\n<meta name=\"description\" content=\"Collall Buchbinderleim ist ein vielseitiger, dickfl\u00fcssiger, wei\u00dfer PVAc Leim auf Wasserbasis (auch als Kaschierleim bekannt).\" \/>\n<meta name=\"robots\" content=\"index, follow, max-snippet:-1, max-image-preview:large, max-video-preview:-1\" \/>\n<link rel=\"canonical\" href=\"https:\/\/collall.nl\/de\/product\/collall-buchbinderleim\/\" \/>\n<meta property=\"og:locale\" content=\"de_DE\" \/>\n<meta property=\"og:type\" content=\"article\" \/>\n<meta property=\"og:title\" content=\"Collall Buchbinderleim - Collall\" \/>\n<meta property=\"og:description\" content=\"Collall Buchbinderleim ist ein vielseitiger, dickfl\u00fcssiger, wei\u00dfer PVAc Leim auf Wasserbasis (auch als Kaschierleim bekannt).\" \/>\n<meta property=\"og:url\" content=\"https:\/\/collall.nl\/de\/product\/collall-buchbinderleim\/\" \/>\n<meta property=\"og:site_name\" content=\"Collall\" \/>\n<meta property=\"article:publisher\" content=\"https:\/\/www.facebook.com\/people\/Collall\/100064976852539\/\" \/>\n<meta property=\"article:modified_time\" content=\"2025-05-08T09:16:30+00:00\" \/>\n<meta property=\"og:image\" content=\"https:\/\/collall.nl\/wp-content\/uploads\/2022\/03\/Collall-Boekbinderslijm-fles-100ml.jpg\" \/>\n\t<meta property=\"og:image:width\" content=\"1000\" \/>\n\t<meta property=\"og:image:height\" content=\"1000\" \/>\n\t<meta property=\"og:image:type\" content=\"image\/jpeg\" \/>\n<meta name=\"twitter:card\" content=\"summary_large_image\" \/>\n<meta name=\"twitter:label1\" content=\"Gesch\u00e4tzte Lesezeit\" \/>\n\t<meta name=\"twitter:data1\" content=\"4\u00a0Minuten\" \/>\n<script type=\"application\/ld+json\" class=\"yoast-schema-graph\">{\"@context\":\"https:\/\/schema.org\",\"@graph\":[{\"@type\":\"WebPage\",\"@id\":\"https:\/\/collall.nl\/de\/product\/collall-buchbinderleim\/\",\"url\":\"https:\/\/collall.nl\/de\/product\/collall-buchbinderleim\/\",\"name\":\"Collall Buchbinderleim - Collall\",\"isPartOf\":{\"@id\":\"https:\/\/collall.nl\/#website\"},\"primaryImageOfPage\":{\"@id\":\"https:\/\/collall.nl\/de\/product\/collall-buchbinderleim\/#primaryimage\"},\"image\":{\"@id\":\"https:\/\/collall.nl\/de\/product\/collall-buchbinderleim\/#primaryimage\"},\"thumbnailUrl\":\"https:\/\/collall.nl\/wp-content\/uploads\/2022\/03\/Collall-Boekbinderslijm-fles-100ml.jpg\",\"datePublished\":\"2022-03-01T09:16:57+00:00\",\"dateModified\":\"2025-05-08T09:16:30+00:00\",\"description\":\"Collall Buchbinderleim ist ein vielseitiger, dickfl\u00fcssiger, wei\u00dfer PVAc Leim auf Wasserbasis (auch als Kaschierleim bekannt).\",\"breadcrumb\":{\"@id\":\"https:\/\/collall.nl\/de\/product\/collall-buchbinderleim\/#breadcrumb\"},\"inLanguage\":\"de\",\"potentialAction\":[{\"@type\":\"ReadAction\",\"target\":[\"https:\/\/collall.nl\/de\/product\/collall-buchbinderleim\/\"]}]},{\"@type\":\"ImageObject\",\"inLanguage\":\"de\",\"@id\":\"https:\/\/collall.nl\/de\/product\/collall-buchbinderleim\/#primaryimage\",\"url\":\"https:\/\/collall.nl\/wp-content\/uploads\/2022\/03\/Collall-Boekbinderslijm-fles-100ml.jpg\",\"contentUrl\":\"https:\/\/collall.nl\/wp-content\/uploads\/2022\/03\/Collall-Boekbinderslijm-fles-100ml.jpg\",\"width\":1000,\"height\":1000},{\"@type\":\"BreadcrumbList\",\"@id\":\"https:\/\/collall.nl\/de\/product\/collall-buchbinderleim\/#breadcrumb\",\"itemListElement\":[{\"@type\":\"ListItem\",\"position\":1,\"name\":\"Home\",\"item\":\"https:\/\/collall.nl\/de\/hauptseite\/\"},{\"@type\":\"ListItem\",\"position\":2,\"name\":\"Produkte\",\"item\":\"https:\/\/collall.nl\/de\/produkte\/\"},{\"@type\":\"ListItem\",\"position\":3,\"name\":\"Collall Buchbinderleim\"}]},{\"@type\":\"WebSite\",\"@id\":\"https:\/\/collall.nl\/#website\",\"url\":\"https:\/\/collall.nl\/\",\"name\":\"Collall\",\"description\":\"Adhesives &amp; Paints since 1949\",\"publisher\":{\"@id\":\"https:\/\/collall.nl\/#organization\"},\"potentialAction\":[{\"@type\":\"SearchAction\",\"target\":{\"@type\":\"EntryPoint\",\"urlTemplate\":\"https:\/\/collall.nl\/?s={search_term_string}\"},\"query-input\":{\"@type\":\"PropertyValueSpecification\",\"valueRequired\":true,\"valueName\":\"search_term_string\"}}],\"inLanguage\":\"de\"},{\"@type\":\"Organization\",\"@id\":\"https:\/\/collall.nl\/#organization\",\"name\":\"Collall B.V.\",\"url\":\"https:\/\/collall.nl\/\",\"logo\":{\"@type\":\"ImageObject\",\"inLanguage\":\"de\",\"@id\":\"https:\/\/collall.nl\/#\/schema\/logo\/image\/\",\"url\":\"https:\/\/collall.nl\/wp-content\/uploads\/2022\/08\/Collall-logo-186C_Reflex-blue.jpg\",\"contentUrl\":\"https:\/\/collall.nl\/wp-content\/uploads\/2022\/08\/Collall-logo-186C_Reflex-blue.jpg\",\"width\":1963,\"height\":1179,\"caption\":\"Collall B.V.\"},\"image\":{\"@id\":\"https:\/\/collall.nl\/#\/schema\/logo\/image\/\"},\"sameAs\":[\"https:\/\/www.facebook.com\/people\/Collall\/100064976852539\/\",\"https:\/\/www.instagram.com\/collall_1949\/\",\"https:\/\/nl.pinterest.com\/CollallBV\/\",\"https:\/\/www.youtube.com\/channel\/UCrCGuwth_udZhTqJSh5g9zg\"]}]}<\/script>\n<!-- \/ Yoast SEO plugin. -->","yoast_head_json":{"title":"Collall Buchbinderleim - Collall","description":"Collall Buchbinderleim ist ein vielseitiger, dickfl\u00fcssiger, wei\u00dfer PVAc Leim auf Wasserbasis (auch als Kaschierleim bekannt).","robots":{"index":"index","follow":"follow","max-snippet":"max-snippet:-1","max-image-preview":"max-image-preview:large","max-video-preview":"max-video-preview:-1"},"canonical":"https:\/\/collall.nl\/de\/product\/collall-buchbinderleim\/","og_locale":"de_DE","og_type":"article","og_title":"Collall Buchbinderleim - Collall","og_description":"Collall Buchbinderleim ist ein vielseitiger, dickfl\u00fcssiger, wei\u00dfer PVAc Leim auf Wasserbasis (auch als Kaschierleim bekannt).","og_url":"https:\/\/collall.nl\/de\/product\/collall-buchbinderleim\/","og_site_name":"Collall","article_publisher":"https:\/\/www.facebook.com\/people\/Collall\/100064976852539\/","article_modified_time":"2025-05-08T09:16:30+00:00","og_image":[{"width":1000,"height":1000,"url":"https:\/\/collall.nl\/wp-content\/uploads\/2022\/03\/Collall-Boekbinderslijm-fles-100ml.jpg","type":"image\/jpeg"}],"twitter_card":"summary_large_image","twitter_misc":{"Gesch\u00e4tzte Lesezeit":"4\u00a0Minuten"},"schema":{"@context":"https:\/\/schema.org","@graph":[{"@type":"WebPage","@id":"https:\/\/collall.nl\/de\/product\/collall-buchbinderleim\/","url":"https:\/\/collall.nl\/de\/product\/collall-buchbinderleim\/","name":"Collall Buchbinderleim - Collall","isPartOf":{"@id":"https:\/\/collall.nl\/#website"},"primaryImageOfPage":{"@id":"https:\/\/collall.nl\/de\/product\/collall-buchbinderleim\/#primaryimage"},"image":{"@id":"https:\/\/collall.nl\/de\/product\/collall-buchbinderleim\/#primaryimage"},"thumbnailUrl":"https:\/\/collall.nl\/wp-content\/uploads\/2022\/03\/Collall-Boekbinderslijm-fles-100ml.jpg","datePublished":"2022-03-01T09:16:57+00:00","dateModified":"2025-05-08T09:16:30+00:00","description":"Collall Buchbinderleim ist ein vielseitiger, dickfl\u00fcssiger, wei\u00dfer PVAc Leim auf Wasserbasis (auch als Kaschierleim bekannt).","breadcrumb":{"@id":"https:\/\/collall.nl\/de\/product\/collall-buchbinderleim\/#breadcrumb"},"inLanguage":"de","potentialAction":[{"@type":"ReadAction","target":["https:\/\/collall.nl\/de\/product\/collall-buchbinderleim\/"]}]},{"@type":"ImageObject","inLanguage":"de","@id":"https:\/\/collall.nl\/de\/product\/collall-buchbinderleim\/#primaryimage","url":"https:\/\/collall.nl\/wp-content\/uploads\/2022\/03\/Collall-Boekbinderslijm-fles-100ml.jpg","contentUrl":"https:\/\/collall.nl\/wp-content\/uploads\/2022\/03\/Collall-Boekbinderslijm-fles-100ml.jpg","width":1000,"height":1000},{"@type":"BreadcrumbList","@id":"https:\/\/collall.nl\/de\/product\/collall-buchbinderleim\/#breadcrumb","itemListElement":[{"@type":"ListItem","position":1,"name":"Home","item":"https:\/\/collall.nl\/de\/hauptseite\/"},{"@type":"ListItem","position":2,"name":"Produkte","item":"https:\/\/collall.nl\/de\/produkte\/"},{"@type":"ListItem","position":3,"name":"Collall Buchbinderleim"}]},{"@type":"WebSite","@id":"https:\/\/collall.nl\/#website","url":"https:\/\/collall.nl\/","name":"Collall","description":"Adhesives &amp; Paints since 1949","publisher":{"@id":"https:\/\/collall.nl\/#organization"},"potentialAction":[{"@type":"SearchAction","target":{"@type":"EntryPoint","urlTemplate":"https:\/\/collall.nl\/?s={search_term_string}"},"query-input":{"@type":"PropertyValueSpecification","valueRequired":true,"valueName":"search_term_string"}}],"inLanguage":"de"},{"@type":"Organization","@id":"https:\/\/collall.nl\/#organization","name":"Collall B.V.","url":"https:\/\/collall.nl\/","logo":{"@type":"ImageObject","inLanguage":"de","@id":"https:\/\/collall.nl\/#\/schema\/logo\/image\/","url":"https:\/\/collall.nl\/wp-content\/uploads\/2022\/08\/Collall-logo-186C_Reflex-blue.jpg","contentUrl":"https:\/\/collall.nl\/wp-content\/uploads\/2022\/08\/Collall-logo-186C_Reflex-blue.jpg","width":1963,"height":1179,"caption":"Collall B.V."},"image":{"@id":"https:\/\/collall.nl\/#\/schema\/logo\/image\/"},"sameAs":["https:\/\/www.facebook.com\/people\/Collall\/100064976852539\/","https:\/\/www.instagram.com\/collall_1949\/","https:\/\/nl.pinterest.com\/CollallBV\/","https:\/\/www.youtube.com\/channel\/UCrCGuwth_udZhTqJSh5g9zg"]}]}},"_links":{"self":[{"href":"https:\/\/collall.nl\/de\/wp-json\/wp\/v2\/product\/10152","targetHints":{"allow":["GET"]}}],"collection":[{"href":"https:\/\/collall.nl\/de\/wp-json\/wp\/v2\/product"}],"about":[{"href":"https:\/\/collall.nl\/de\/wp-json\/wp\/v2\/types\/product"}],"replies":[{"embeddable":true,"href":"https:\/\/collall.nl\/de\/wp-json\/wp\/v2\/comments?post=10152"}],"wp:featuredmedia":[{"embeddable":true,"href":"https:\/\/collall.nl\/de\/wp-json\/wp\/v2\/media\/28923"}],"wp:attachment":[{"href":"https:\/\/collall.nl\/de\/wp-json\/wp\/v2\/media?parent=10152"}],"wp:term":[{"taxonomy":"product_brand","embeddable":true,"href":"https:\/\/collall.nl\/de\/wp-json\/wp\/v2\/product_brand?post=10152"},{"taxonomy":"product_cat","embeddable":true,"href":"https:\/\/collall.nl\/de\/wp-json\/wp\/v2\/product_cat?post=10152"},{"taxonomy":"product_tag","embeddable":true,"href":"https:\/\/collall.nl\/de\/wp-json\/wp\/v2\/product_tag?post=10152"}],"curies":[{"name":"wp","href":"https:\/\/api.w.org\/{rel}","templated":true}]}}