{"id":10047,"date":"2022-03-01T09:16:15","date_gmt":"2022-03-01T09:16:17","guid":{"rendered":"http:\/\/collall.test\/product\/collall-lackleim\/"},"modified":"2025-04-03T12:30:08","modified_gmt":"2025-04-03T10:30:08","slug":"collall-lackleim","status":"publish","type":"product","link":"https:\/\/collall.nl\/de\/product\/collall-lackleim\/","title":{"rendered":"Collall Lackleim"},"content":{"rendered":"<p class=\"\" data-start=\"38\" data-end=\"172\"><strong data-start=\"38\" data-end=\"52\">Anwendung:<\/strong> Mit Collall Lackkleber k\u00f6nnen Sie eine gl\u00e4nzende und transparente Schutzschicht auf viele verschiedene Dinge auftragen!<\/p>\n<ul>\n<li data-start=\"174\" data-end=\"727\"><strong data-start=\"174\" data-end=\"204\">Zeichnungen und Malereien:<\/strong> Sch\u00fctzen und vervollst\u00e4ndigen Sie Zeichnungen und Malereien mit Plakatfarbe, Wachsmalstiften, Kohle, etc. Dies schafft eine sch\u00f6ne, transparente und gl\u00e4nzende Schutzschicht \u00fcber Ihrer Kreation!<\/li>\n<li data-start=\"174\" data-end=\"727\"><strong data-start=\"401\" data-end=\"425\">Decoupage-Techniken:<\/strong> Bearbeitung von Bildern und Dekorationen (Papierservietten, Seidenpapier, gedruckte Bilder) auf verschiedenen Oberfl\u00e4chen (Papier, Karton, Holz, Textilien, Stein).<\/li>\n<li data-start=\"174\" data-end=\"727\"><strong data-start=\"592\" data-end=\"604\">Puzzles:<\/strong> Fixierung von Puzzles, die bereits ausgelegt wurden, nach denen das Puzzle als Bild aufgeh\u00e4ngt oder platziert werden kann.<\/li>\n<\/ul>\n<p><strong data-start=\"729\" data-end=\"745\">Eigenschaften:<\/strong><\/p>\n<ul>\n<li data-start=\"749\" data-end=\"777\">Wei\u00dfer, d\u00fcnner Fl\u00fcssigkleber<\/li>\n<li data-start=\"780\" data-end=\"796\">Schnelltrocknend<\/li>\n<li data-start=\"799\" data-end=\"813\">Starke Haftung<\/li>\n<li data-start=\"816\" data-end=\"824\">Flexibel<\/li>\n<li data-start=\"827\" data-end=\"856\">Transparent nach dem Trocknen<\/li>\n<\/ul>\n<p class=\"\" data-start=\"859\" data-end=\"880\"><strong>L\u00f6sungsmittel:<\/strong> Wasser<\/p>\n<p class=\"\" data-start=\"882\" data-end=\"919\"><strong data-start=\"882\" data-end=\"903\">Hauptbestandteil:<\/strong> Polyvinylacetat<\/p>\n<p class=\"\" data-start=\"921\" data-end=\"954\"><strong data-start=\"921\" data-end=\"950\">Nat\u00fcrliche Inhaltsstoffe:<\/strong> 50%<\/p>\n<p class=\"\" data-start=\"956\" data-end=\"983\"><strong data-start=\"956\" data-end=\"971\">Viskosit\u00e4t:<\/strong> 1.500 mPa.s<\/p>\n<p class=\"\" data-start=\"985\" data-end=\"999\"><strong data-start=\"985\" data-end=\"997\">pH-Wert:<\/strong> 5<\/p>\n<p class=\"\" data-start=\"1001\" data-end=\"1024\"><strong data-start=\"1001\" data-end=\"1012\">Dichte:<\/strong> 1,10 kg\/dm\u00b3<\/p>\n<p class=\"\" data-start=\"1026\" data-end=\"1035\"><strong data-start=\"1026\" data-end=\"1033\">CE:<\/strong> \u2013<\/p>\n<p class=\"\" data-start=\"1037\" data-end=\"1074\"><strong data-start=\"1037\" data-end=\"1061\">Klebeverbrauch:<\/strong> Ca. 150 g\/m\u00b2<\/p>\n<p class=\"\" data-start=\"1076\" data-end=\"1091\"><strong data-start=\"1076\" data-end=\"1091\">Verwendung:<\/strong><\/p>\n<ul>\n<li data-start=\"1093\" data-end=\"1341\">Die zu klebenden Materialien m\u00fcssen trocken und frei von Staub und Schmutz sein.<\/li>\n<li data-start=\"1093\" data-end=\"1341\">Tragen Sie den Kleber mit einem Pinsel auf die zu klebende Oberfl\u00e4che auf.<\/li>\n<li data-start=\"1093\" data-end=\"1341\">Wenn der Kleber trocken ist, kann eine zweite Schutzschicht mit Lack aufgetragen werden.<\/li>\n<\/ul>\n<p class=\"\" data-start=\"1343\" data-end=\"1416\"><strong data-start=\"1343\" data-end=\"1357\">Allergene:<\/strong> Enth\u00e4lt CMIT\/MIT. Kann allergische Reaktionen hervorrufen.<\/p>\n<p class=\"\" data-start=\"1418\" data-end=\"1448\"><strong data-start=\"1418\" data-end=\"1435\">Geeignet f\u00fcr:<\/strong> Ab 6 Jahren.<\/p>\n<p class=\"\" data-start=\"1450\" data-end=\"1464\"><strong data-start=\"1450\" data-end=\"1464\">Reinigung:<\/strong><\/p>\n<ul>\n<li data-start=\"1466\" data-end=\"1731\">Werkzeuge k\u00f6nnen mit Wasser gereinigt werden, wenn der Kleber noch feucht ist (falls n\u00f6tig, kann ein synthetisches Reinigungsmittel dem Wasser hinzugef\u00fcgt werden).<\/li>\n<li data-start=\"1466\" data-end=\"1731\">Trockene Kleberreste m\u00fcssen in warmem Wasser eingeweicht und dann mit einer B\u00fcrste entfernt werden.<\/li>\n<\/ul>\n","protected":false},"excerpt":{"rendered":"<p>D\u00fcnner, wei\u00dfer, transparent trocknender Lackleim auf Wasserbasis<\/p>\n","protected":false},"featured_media":20295,"comment_status":"open","ping_status":"closed","template":"","meta":{"_acf_changed":false},"product_brand":[],"product_cat":[176],"product_tag":[],"class_list":{"0":"post-10047","1":"product","2":"type-product","3":"status-publish","4":"has-post-thumbnail","6":"product_cat-kleber-und-lackleim","8":"first","9":"instock","10":"shipping-taxable","11":"purchasable","12":"product-type-variable"},"acf":[],"yoast_head":"<!-- This site is optimized with the Yoast SEO plugin v27.2 - https:\/\/yoast.com\/product\/yoast-seo-wordpress\/ -->\n<title>Collall Lackleim - Collall<\/title>\n<meta name=\"robots\" content=\"index, follow, max-snippet:-1, max-image-preview:large, max-video-preview:-1\" \/>\n<link rel=\"canonical\" href=\"https:\/\/collall.nl\/de\/product\/collall-lackleim\/\" \/>\n<meta property=\"og:locale\" content=\"de_DE\" \/>\n<meta property=\"og:type\" content=\"article\" \/>\n<meta property=\"og:title\" content=\"Collall Lackleim - Collall\" \/>\n<meta property=\"og:description\" content=\"D\u00fcnner, wei\u00dfer, transparent trocknender Lackleim auf Wasserbasis\" \/>\n<meta property=\"og:url\" content=\"https:\/\/collall.nl\/de\/product\/collall-lackleim\/\" \/>\n<meta property=\"og:site_name\" content=\"Collall\" \/>\n<meta property=\"article:publisher\" content=\"https:\/\/www.facebook.com\/people\/Collall\/100064976852539\/\" \/>\n<meta property=\"article:modified_time\" content=\"2025-04-03T10:30:08+00:00\" \/>\n<meta property=\"og:image\" content=\"https:\/\/collall.nl\/wp-content\/uploads\/2022\/03\/COLVL0100.jpg\" \/>\n\t<meta property=\"og:image:width\" content=\"800\" \/>\n\t<meta property=\"og:image:height\" content=\"800\" \/>\n\t<meta property=\"og:image:type\" content=\"image\/jpeg\" \/>\n<meta name=\"twitter:card\" content=\"summary_large_image\" \/>\n<meta name=\"twitter:label1\" content=\"Gesch\u00e4tzte Lesezeit\" \/>\n\t<meta name=\"twitter:data1\" content=\"2\u00a0Minuten\" \/>\n<script type=\"application\/ld+json\" class=\"yoast-schema-graph\">{\"@context\":\"https:\/\/schema.org\",\"@graph\":[{\"@type\":\"WebPage\",\"@id\":\"https:\/\/collall.nl\/de\/product\/collall-lackleim\/\",\"url\":\"https:\/\/collall.nl\/de\/product\/collall-lackleim\/\",\"name\":\"Collall Lackleim - Collall\",\"isPartOf\":{\"@id\":\"https:\/\/collall.nl\/#website\"},\"primaryImageOfPage\":{\"@id\":\"https:\/\/collall.nl\/de\/product\/collall-lackleim\/#primaryimage\"},\"image\":{\"@id\":\"https:\/\/collall.nl\/de\/product\/collall-lackleim\/#primaryimage\"},\"thumbnailUrl\":\"https:\/\/collall.nl\/wp-content\/uploads\/2022\/03\/COLVL0100.jpg\",\"datePublished\":\"2022-03-01T09:16:17+00:00\",\"dateModified\":\"2025-04-03T10:30:08+00:00\",\"breadcrumb\":{\"@id\":\"https:\/\/collall.nl\/de\/product\/collall-lackleim\/#breadcrumb\"},\"inLanguage\":\"de\",\"potentialAction\":[{\"@type\":\"ReadAction\",\"target\":[\"https:\/\/collall.nl\/de\/product\/collall-lackleim\/\"]}]},{\"@type\":\"ImageObject\",\"inLanguage\":\"de\",\"@id\":\"https:\/\/collall.nl\/de\/product\/collall-lackleim\/#primaryimage\",\"url\":\"https:\/\/collall.nl\/wp-content\/uploads\/2022\/03\/COLVL0100.jpg\",\"contentUrl\":\"https:\/\/collall.nl\/wp-content\/uploads\/2022\/03\/COLVL0100.jpg\",\"width\":800,\"height\":800},{\"@type\":\"BreadcrumbList\",\"@id\":\"https:\/\/collall.nl\/de\/product\/collall-lackleim\/#breadcrumb\",\"itemListElement\":[{\"@type\":\"ListItem\",\"position\":1,\"name\":\"Home\",\"item\":\"https:\/\/collall.nl\/de\/hauptseite\/\"},{\"@type\":\"ListItem\",\"position\":2,\"name\":\"Produkte\",\"item\":\"https:\/\/collall.nl\/de\/produkte\/\"},{\"@type\":\"ListItem\",\"position\":3,\"name\":\"Collall Lackleim\"}]},{\"@type\":\"WebSite\",\"@id\":\"https:\/\/collall.nl\/#website\",\"url\":\"https:\/\/collall.nl\/\",\"name\":\"Collall\",\"description\":\"Adhesives &amp; Paints since 1949\",\"publisher\":{\"@id\":\"https:\/\/collall.nl\/#organization\"},\"potentialAction\":[{\"@type\":\"SearchAction\",\"target\":{\"@type\":\"EntryPoint\",\"urlTemplate\":\"https:\/\/collall.nl\/?s={search_term_string}\"},\"query-input\":{\"@type\":\"PropertyValueSpecification\",\"valueRequired\":true,\"valueName\":\"search_term_string\"}}],\"inLanguage\":\"de\"},{\"@type\":\"Organization\",\"@id\":\"https:\/\/collall.nl\/#organization\",\"name\":\"Collall B.V.\",\"url\":\"https:\/\/collall.nl\/\",\"logo\":{\"@type\":\"ImageObject\",\"inLanguage\":\"de\",\"@id\":\"https:\/\/collall.nl\/#\/schema\/logo\/image\/\",\"url\":\"https:\/\/collall.nl\/wp-content\/uploads\/2022\/08\/Collall-logo-186C_Reflex-blue.jpg\",\"contentUrl\":\"https:\/\/collall.nl\/wp-content\/uploads\/2022\/08\/Collall-logo-186C_Reflex-blue.jpg\",\"width\":1963,\"height\":1179,\"caption\":\"Collall B.V.\"},\"image\":{\"@id\":\"https:\/\/collall.nl\/#\/schema\/logo\/image\/\"},\"sameAs\":[\"https:\/\/www.facebook.com\/people\/Collall\/100064976852539\/\",\"https:\/\/www.instagram.com\/collall_1949\/\",\"https:\/\/nl.pinterest.com\/CollallBV\/\",\"https:\/\/www.youtube.com\/channel\/UCrCGuwth_udZhTqJSh5g9zg\"]}]}<\/script>\n<!-- \/ Yoast SEO plugin. -->","yoast_head_json":{"title":"Collall Lackleim - Collall","robots":{"index":"index","follow":"follow","max-snippet":"max-snippet:-1","max-image-preview":"max-image-preview:large","max-video-preview":"max-video-preview:-1"},"canonical":"https:\/\/collall.nl\/de\/product\/collall-lackleim\/","og_locale":"de_DE","og_type":"article","og_title":"Collall Lackleim - Collall","og_description":"D\u00fcnner, wei\u00dfer, transparent trocknender Lackleim auf Wasserbasis","og_url":"https:\/\/collall.nl\/de\/product\/collall-lackleim\/","og_site_name":"Collall","article_publisher":"https:\/\/www.facebook.com\/people\/Collall\/100064976852539\/","article_modified_time":"2025-04-03T10:30:08+00:00","og_image":[{"width":800,"height":800,"url":"https:\/\/collall.nl\/wp-content\/uploads\/2022\/03\/COLVL0100.jpg","type":"image\/jpeg"}],"twitter_card":"summary_large_image","twitter_misc":{"Gesch\u00e4tzte Lesezeit":"2\u00a0Minuten"},"schema":{"@context":"https:\/\/schema.org","@graph":[{"@type":"WebPage","@id":"https:\/\/collall.nl\/de\/product\/collall-lackleim\/","url":"https:\/\/collall.nl\/de\/product\/collall-lackleim\/","name":"Collall Lackleim - Collall","isPartOf":{"@id":"https:\/\/collall.nl\/#website"},"primaryImageOfPage":{"@id":"https:\/\/collall.nl\/de\/product\/collall-lackleim\/#primaryimage"},"image":{"@id":"https:\/\/collall.nl\/de\/product\/collall-lackleim\/#primaryimage"},"thumbnailUrl":"https:\/\/collall.nl\/wp-content\/uploads\/2022\/03\/COLVL0100.jpg","datePublished":"2022-03-01T09:16:17+00:00","dateModified":"2025-04-03T10:30:08+00:00","breadcrumb":{"@id":"https:\/\/collall.nl\/de\/product\/collall-lackleim\/#breadcrumb"},"inLanguage":"de","potentialAction":[{"@type":"ReadAction","target":["https:\/\/collall.nl\/de\/product\/collall-lackleim\/"]}]},{"@type":"ImageObject","inLanguage":"de","@id":"https:\/\/collall.nl\/de\/product\/collall-lackleim\/#primaryimage","url":"https:\/\/collall.nl\/wp-content\/uploads\/2022\/03\/COLVL0100.jpg","contentUrl":"https:\/\/collall.nl\/wp-content\/uploads\/2022\/03\/COLVL0100.jpg","width":800,"height":800},{"@type":"BreadcrumbList","@id":"https:\/\/collall.nl\/de\/product\/collall-lackleim\/#breadcrumb","itemListElement":[{"@type":"ListItem","position":1,"name":"Home","item":"https:\/\/collall.nl\/de\/hauptseite\/"},{"@type":"ListItem","position":2,"name":"Produkte","item":"https:\/\/collall.nl\/de\/produkte\/"},{"@type":"ListItem","position":3,"name":"Collall Lackleim"}]},{"@type":"WebSite","@id":"https:\/\/collall.nl\/#website","url":"https:\/\/collall.nl\/","name":"Collall","description":"Adhesives &amp; Paints since 1949","publisher":{"@id":"https:\/\/collall.nl\/#organization"},"potentialAction":[{"@type":"SearchAction","target":{"@type":"EntryPoint","urlTemplate":"https:\/\/collall.nl\/?s={search_term_string}"},"query-input":{"@type":"PropertyValueSpecification","valueRequired":true,"valueName":"search_term_string"}}],"inLanguage":"de"},{"@type":"Organization","@id":"https:\/\/collall.nl\/#organization","name":"Collall B.V.","url":"https:\/\/collall.nl\/","logo":{"@type":"ImageObject","inLanguage":"de","@id":"https:\/\/collall.nl\/#\/schema\/logo\/image\/","url":"https:\/\/collall.nl\/wp-content\/uploads\/2022\/08\/Collall-logo-186C_Reflex-blue.jpg","contentUrl":"https:\/\/collall.nl\/wp-content\/uploads\/2022\/08\/Collall-logo-186C_Reflex-blue.jpg","width":1963,"height":1179,"caption":"Collall B.V."},"image":{"@id":"https:\/\/collall.nl\/#\/schema\/logo\/image\/"},"sameAs":["https:\/\/www.facebook.com\/people\/Collall\/100064976852539\/","https:\/\/www.instagram.com\/collall_1949\/","https:\/\/nl.pinterest.com\/CollallBV\/","https:\/\/www.youtube.com\/channel\/UCrCGuwth_udZhTqJSh5g9zg"]}]}},"_links":{"self":[{"href":"https:\/\/collall.nl\/de\/wp-json\/wp\/v2\/product\/10047","targetHints":{"allow":["GET"]}}],"collection":[{"href":"https:\/\/collall.nl\/de\/wp-json\/wp\/v2\/product"}],"about":[{"href":"https:\/\/collall.nl\/de\/wp-json\/wp\/v2\/types\/product"}],"replies":[{"embeddable":true,"href":"https:\/\/collall.nl\/de\/wp-json\/wp\/v2\/comments?post=10047"}],"wp:featuredmedia":[{"embeddable":true,"href":"https:\/\/collall.nl\/de\/wp-json\/wp\/v2\/media\/20295"}],"wp:attachment":[{"href":"https:\/\/collall.nl\/de\/wp-json\/wp\/v2\/media?parent=10047"}],"wp:term":[{"taxonomy":"product_brand","embeddable":true,"href":"https:\/\/collall.nl\/de\/wp-json\/wp\/v2\/product_brand?post=10047"},{"taxonomy":"product_cat","embeddable":true,"href":"https:\/\/collall.nl\/de\/wp-json\/wp\/v2\/product_cat?post=10047"},{"taxonomy":"product_tag","embeddable":true,"href":"https:\/\/collall.nl\/de\/wp-json\/wp\/v2\/product_tag?post=10047"}],"curies":[{"name":"wp","href":"https:\/\/api.w.org\/{rel}","templated":true}]}}