{"id":10005,"date":"2022-03-01T09:15:59","date_gmt":"2022-03-01T09:16:00","guid":{"rendered":"http:\/\/collall.test\/product\/collall-filzkleber\/"},"modified":"2025-10-07T08:55:50","modified_gmt":"2025-10-07T06:55:50","slug":"collall-filzkleber","status":"publish","type":"product","link":"https:\/\/collall.nl\/de\/product\/collall-filzkleber\/","title":{"rendered":"Collall Filzkleber"},"content":{"rendered":"<p data-start=\"37\" data-end=\"146\"><strong data-start=\"37\" data-end=\"51\">Anwendung:<\/strong>Filz ist ein wunderbares Material zum Basteln, aber das Verkleben kann eine Herausforderung sein. Zum Gl\u00fcck gibt es Collall Filzkleber, der speziell entwickelt wurde, um Filz und verschiedene andere Textilien sicher miteinander zu verbinden. Mit diesem PVAc-Kleber lassen sich m\u00fchelos starke Verbindungen herstellen, ohne dass der Filz hart oder steif wird.<\/p>\n<p data-start=\"148\" data-end=\"163\"><strong data-start=\"148\" data-end=\"161\">Aussehen:<\/strong><\/p>\n<ul data-start=\"164\" data-end=\"300\">\n<li data-start=\"164\" data-end=\"199\">Wei\u00dfe, dickfl\u00fcssige Fl\u00fcssigkeit<\/li>\n<li data-start=\"200\" data-end=\"221\">Schnell trocknend<\/li>\n<li data-start=\"222\" data-end=\"240\">Starke Haftung<\/li>\n<li data-start=\"241\" data-end=\"274\">Transparent nach dem Trocknen<\/li>\n<\/ul>\n<p><strong>L\u00f6sungsmittel:<\/strong> Wasser<\/p>\n<p data-start=\"302\" data-end=\"341\"><strong data-start=\"302\" data-end=\"323\">Hauptbestandteil:<\/strong> Polyvinylacetat<\/p>\n<p class=\"p1\"><b>Nat\u00fcrliche Inhaltsstoffe:<\/b> 42%<\/p>\n<p class=\"p1\"><b>Viskosit\u00e4t:<\/b> 7.000 mPa.s<\/p>\n<p data-start=\"343\" data-end=\"436\"><strong data-start=\"343\" data-end=\"355\">pH:<\/strong> 5<\/p>\n<p data-start=\"343\" data-end=\"436\"><strong data-start=\"360\" data-end=\"371\">Dichte:<\/strong> 1,06 kg\/dm\u00b3<\/p>\n<p data-start=\"343\" data-end=\"436\"><strong data-start=\"386\" data-end=\"393\">CE:<\/strong> \u2013<\/p>\n<p data-start=\"343\" data-end=\"436\"><strong data-start=\"398\" data-end=\"421\">Klebstoffverbrauch:<\/strong> ca. 250 g\/m\u00b2<\/p>\n<p data-start=\"438\" data-end=\"457\"><strong data-start=\"438\" data-end=\"455\">Verarbeitung:<\/strong><\/p>\n<ul data-start=\"458\" data-end=\"682\">\n<li data-start=\"458\" data-end=\"547\">Die zu verklebenden Materialien m\u00fcssen trocken sowie frei von Staub und Schmutz sein.<\/li>\n<li data-start=\"548\" data-end=\"587\">Flasche vor Gebrauch gut sch\u00fctteln.<\/li>\n<li data-start=\"588\" data-end=\"682\">Den Filzkleber einseitig und nicht zu d\u00fcnn auftragen. Anschlie\u00dfend kurz antrocknen lassen.<\/li>\n<\/ul>\n<p data-start=\"684\" data-end=\"762\"><strong data-start=\"684\" data-end=\"698\">Allergene:<\/strong> Enth\u00e4lt CMIT\/MIT. Kann allergische Reaktionen hervorrufen.<\/p>\n<p data-start=\"764\" data-end=\"796\"><strong data-start=\"764\" data-end=\"781\">Geeignet f\u00fcr:<\/strong> Ab 6 Jahren.<\/p>\n<p data-start=\"798\" data-end=\"814\"><strong data-start=\"798\" data-end=\"812\">Reinigung:<\/strong><\/p>\n<ul data-start=\"815\" data-end=\"1074\" data-is-last-node=\"\">\n<li data-start=\"815\" data-end=\"976\">Werkzeuge k\u00f6nnen mit Wasser gereinigt werden, solange der Kleber noch feucht ist (gegebenenfalls kann ein synthetisches Reinigungsmittel hinzugef\u00fcgt werden).<\/li>\n<li data-start=\"977\" data-end=\"1074\" data-is-last-node=\"\">Getrocknete Klebereste in warmem Wasser einweichen und anschlie\u00dfend mit einer B\u00fcrste entfernen.<\/li>\n<\/ul>\n<h4 data-start=\"418\" data-end=\"465\"><strong data-start=\"422\" data-end=\"463\">Wie verwendet man Collall Filzkleber?<\/strong><\/h4>\n<p class=\"\" data-start=\"466\" data-end=\"524\">F\u00fcr das beste Ergebnis befolge diese einfachen Schritte:<\/p>\n<ol data-start=\"526\" data-end=\"767\">\n<li class=\"\" data-start=\"526\" data-end=\"616\">\n<p class=\"\" data-start=\"529\" data-end=\"616\">Trage eine d\u00fcnne Schicht Filzkleber auf beide Fl\u00e4chen auf, die du verbinden m\u00f6chtest.<\/p>\n<\/li>\n<li class=\"\" data-start=\"617\" data-end=\"692\">\n<p class=\"\" data-start=\"620\" data-end=\"692\">Lasse den Kleber einige Sekunden antrocknen, damit er leicht eindickt.<\/p>\n<\/li>\n<li class=\"\" data-start=\"693\" data-end=\"767\">\n<p class=\"\" data-start=\"696\" data-end=\"767\">Dr\u00fccke die Materialien fest aufeinander und lasse alles gut trocknen.<\/p>\n<\/li>\n<\/ol>\n<p class=\"\" data-start=\"769\" data-end=\"1029\">Collall Filzkleber wurde speziell f\u00fcr das <strong data-start=\"811\" data-end=\"863\">sichere Verkleben von Filz und anderen Textilien<\/strong> entwickelt. Das Geheimnis der starken Haftung? <strong data-start=\"911\" data-end=\"937\">Polyvinylacetat (PVAc)<\/strong> \u2013 ein vielseitiges Bindemittel, das eine flexible und dauerhafte Klebeverbindung schafft.<\/p>\n<h3><strong data-start=\"1035\" data-end=\"1070\">Was ist Polyvinylacetat (PVAc)?<\/strong><\/h3>\n<p class=\"\" data-start=\"1073\" data-end=\"1323\">Polyvinylacetat ist ein synthetisches Harz, das h\u00e4ufig in Klebstoffen und Beschichtungen verwendet wird. Dank seiner starken Klebkraft und elastischen Eigenschaften ist es ideal f\u00fcr Materialien wie Filz und Textilien, die oft schwer zu kleben sind.<\/p>\n<h5 data-start=\"1325\" data-end=\"1367\"><strong data-start=\"1329\" data-end=\"1365\">Warum ist PVAc perfekt f\u00fcr Filz?<\/strong><\/h5>\n<p class=\"\" data-start=\"1368\" data-end=\"1728\"><strong data-start=\"1370\" data-end=\"1388\">Starke Haftung<\/strong> \u2013 Sorgt daf\u00fcr, dass Filz und Textilien sicher miteinander verbunden bleiben.<br data-start=\"1465\" data-end=\"1468\" \/><strong data-start=\"1470\" data-end=\"1494\">Flexibel &amp; langlebig<\/strong> \u2013 Verhindert, dass das Material hart oder spr\u00f6de wird.<br data-start=\"1549\" data-end=\"1552\" \/><strong data-start=\"1554\" data-end=\"1574\">Schnelltrocknend<\/strong> \u2013 Erm\u00f6glicht effizientes Arbeiten an Bastelprojekten.<br data-start=\"1628\" data-end=\"1631\" \/><strong data-start=\"1633\" data-end=\"1657\">Trocknet transparent<\/strong> \u2013 Hinterl\u00e4sst keine sichtbaren Klebereste f\u00fcr ein sauberes Ergebnis.<\/p>\n<p class=\"\" data-start=\"1730\" data-end=\"1999\">Mit <strong data-start=\"528\" data-end=\"550\" data-is-only-node=\"\">Collall Filzkleber<\/strong>, basierend auf Polyvinylacetat, war das Kleben von Filz und Stoff noch nie so einfach. Ob du Dekorationen, Accessoires oder andere Bastelarbeiten machst, dieser Kleber sorgt f\u00fcr eine starke und saubere Verarbeitung, wenn er richtig angewendet wird. Er stellt sicher, dass alles sicher an Ort und Stelle bleibt, sodass du ohne Sorgen wundersch\u00f6ne Bastelprojekte erstellen kannst. Bereit, mit Filz zu beginnen? Probiere es aus und entdecke, wie einfach es ist, Filz und andere Stoffe miteinander zu kleben!<\/p>\n<hr class=\"\" data-start=\"2253\" data-end=\"2256\" \/>\n<h3 data-start=\"2258\" data-end=\"2296\"><strong data-start=\"2261\" data-end=\"2294\">Kreative Bastelideen mit Filz<\/strong><\/h3>\n<p class=\"\" data-start=\"2297\" data-end=\"2356\">Hier sind einige tolle und einfache Bastelideen mit Filz:<\/p>\n<h5 data-start=\"2358\" data-end=\"2399\"><strong data-start=\"2362\" data-end=\"2397\">1. Bunte Filz-Schl\u00fcsselanh\u00e4nger<\/strong><\/h5>\n<p class=\"\" data-start=\"2400\" data-end=\"2603\">Schneide s\u00fc\u00dfe Figuren aus Filz aus, z. B. Herzen, Sterne oder Tiere. Klebe zwei Filzschichten mit <strong data-start=\"2498\" data-end=\"2520\">Collall Filzkleber<\/strong> zusammen, f\u00fclle sie eventuell mit etwas Watte und befestige einen Schl\u00fcsselring.<\/p>\n<h5 data-start=\"2605\" data-end=\"2628\"><strong data-start=\"2609\" data-end=\"2626\">2. Filzblumen<\/strong><\/h5>\n<p class=\"\" data-start=\"2629\" data-end=\"2808\">Schneide bunte Bl\u00fctenbl\u00e4tter aus Filz aus und klebe sie mit <strong data-start=\"2689\" data-end=\"2711\">Collall Filzkleber<\/strong> zusammen. Befestige sie auf einer Haarspange, einer Brosche oder als Dekoration f\u00fcr Geschenke.<\/p>\n<h5 data-start=\"2810\" data-end=\"2844\"><strong data-start=\"2814\" data-end=\"2842\">3. Mini-Filzportemonnaie<\/strong><\/h5>\n<p class=\"\" data-start=\"2845\" data-end=\"3043\">Schneide eine rechteckige Form aus Filz aus und falte sie in der Mitte. Klebe die Seiten mit <strong data-start=\"2938\" data-end=\"2960\">Collall Filzkleber<\/strong> zusammen und f\u00fcge einen kleinen Knopf oder Klettverschluss als Verschluss hinzu.<\/p>\n<h5 data-start=\"3045\" data-end=\"3074\"><strong data-start=\"3049\" data-end=\"3072\">4. Filz-Lesezeichen<\/strong><\/h5>\n<p class=\"\" data-start=\"3075\" data-end=\"3233\">Gestalte s\u00fc\u00dfe Lesezeichen in Form von Tieren, Blumen oder Herzen. Schneide die Form aus, klebe ein Band dazwischen und verziere sie mit kleinen Filzfiguren.<\/p>\n<h5 data-start=\"3235\" data-end=\"3270\"><strong data-start=\"3239\" data-end=\"3268\">5. Saisonale Dekorationen<\/strong><\/h5>\n<p class=\"\" data-start=\"3271\" data-end=\"3438\">Schneide Weihnachtssterne, Osterhasen oder Herbstbl\u00e4tter aus Filz aus und klebe sie auf eine Schnur f\u00fcr eine h\u00fcbsche Girlande. Perfekt zur Dekoration deines Zimmers!<\/p>\n<p class=\"\" data-start=\"3440\" data-end=\"3578\">Mit <strong data-start=\"3444\" data-end=\"3466\">Collall Filzkleber<\/strong> kannst du diese Bastelprojekte <strong data-start=\"3498\" data-end=\"3530\">einfach und sicher umsetzen!<\/strong> Welches wirst du als Erstes ausprobieren?<\/p>\n","protected":false},"excerpt":{"rendered":"<p>Ein wei\u00dfer Kleber ohne L\u00f6sungsmittel speziell f\u00fcr das Kleben von Filz auf Filz.<\/p>\n","protected":false},"featured_media":28058,"comment_status":"open","ping_status":"closed","template":"","meta":{"_acf_changed":false},"product_brand":[],"product_cat":[176],"product_tag":[],"class_list":{"0":"post-10005","1":"product","2":"type-product","3":"status-publish","4":"has-post-thumbnail","6":"product_cat-kleber-und-lackleim","8":"first","9":"instock","10":"shipping-taxable","11":"purchasable","12":"product-type-variable"},"acf":[],"yoast_head":"<!-- This site is optimized with the Yoast SEO plugin v27.2 - https:\/\/yoast.com\/product\/yoast-seo-wordpress\/ -->\n<title>Collall Filzkleber - Collall<\/title>\n<meta name=\"description\" content=\"Collall Filzkleber ist ein wei\u00dfer Kleber ohne L\u00f6sungsmittel speziell f\u00fcr das Kleben von Filz auf Filz. Transparent nach dem Trocknen.\" \/>\n<meta name=\"robots\" content=\"index, follow, max-snippet:-1, max-image-preview:large, max-video-preview:-1\" \/>\n<link rel=\"canonical\" href=\"https:\/\/collall.nl\/de\/product\/collall-filzkleber\/\" \/>\n<meta property=\"og:locale\" content=\"de_DE\" \/>\n<meta property=\"og:type\" content=\"article\" \/>\n<meta property=\"og:title\" content=\"Collall Filzkleber - Collall\" \/>\n<meta property=\"og:description\" content=\"Collall Filzkleber ist ein wei\u00dfer Kleber ohne L\u00f6sungsmittel speziell f\u00fcr das Kleben von Filz auf Filz. Transparent nach dem Trocknen.\" \/>\n<meta property=\"og:url\" content=\"https:\/\/collall.nl\/de\/product\/collall-filzkleber\/\" \/>\n<meta property=\"og:site_name\" content=\"Collall\" \/>\n<meta property=\"article:publisher\" content=\"https:\/\/www.facebook.com\/people\/Collall\/100064976852539\/\" \/>\n<meta property=\"article:modified_time\" content=\"2025-10-07T06:55:50+00:00\" \/>\n<meta property=\"og:image\" content=\"https:\/\/collall.nl\/wp-content\/uploads\/2022\/03\/COLCF0100-Collall-Felt-Glue-2.jpg\" \/>\n\t<meta property=\"og:image:width\" content=\"1000\" \/>\n\t<meta property=\"og:image:height\" content=\"1000\" \/>\n\t<meta property=\"og:image:type\" content=\"image\/jpeg\" \/>\n<meta name=\"twitter:card\" content=\"summary_large_image\" \/>\n<meta name=\"twitter:label1\" content=\"Gesch\u00e4tzte Lesezeit\" \/>\n\t<meta name=\"twitter:data1\" content=\"4\u00a0Minuten\" \/>\n<script type=\"application\/ld+json\" class=\"yoast-schema-graph\">{\"@context\":\"https:\/\/schema.org\",\"@graph\":[{\"@type\":\"WebPage\",\"@id\":\"https:\/\/collall.nl\/de\/product\/collall-filzkleber\/\",\"url\":\"https:\/\/collall.nl\/de\/product\/collall-filzkleber\/\",\"name\":\"Collall Filzkleber - Collall\",\"isPartOf\":{\"@id\":\"https:\/\/collall.nl\/#website\"},\"primaryImageOfPage\":{\"@id\":\"https:\/\/collall.nl\/de\/product\/collall-filzkleber\/#primaryimage\"},\"image\":{\"@id\":\"https:\/\/collall.nl\/de\/product\/collall-filzkleber\/#primaryimage\"},\"thumbnailUrl\":\"https:\/\/collall.nl\/wp-content\/uploads\/2022\/03\/COLCF0100-Collall-Felt-Glue-2.jpg\",\"datePublished\":\"2022-03-01T09:16:00+00:00\",\"dateModified\":\"2025-10-07T06:55:50+00:00\",\"description\":\"Collall Filzkleber ist ein wei\u00dfer Kleber ohne L\u00f6sungsmittel speziell f\u00fcr das Kleben von Filz auf Filz. Transparent nach dem Trocknen.\",\"breadcrumb\":{\"@id\":\"https:\/\/collall.nl\/de\/product\/collall-filzkleber\/#breadcrumb\"},\"inLanguage\":\"de\",\"potentialAction\":[{\"@type\":\"ReadAction\",\"target\":[\"https:\/\/collall.nl\/de\/product\/collall-filzkleber\/\"]}]},{\"@type\":\"ImageObject\",\"inLanguage\":\"de\",\"@id\":\"https:\/\/collall.nl\/de\/product\/collall-filzkleber\/#primaryimage\",\"url\":\"https:\/\/collall.nl\/wp-content\/uploads\/2022\/03\/COLCF0100-Collall-Felt-Glue-2.jpg\",\"contentUrl\":\"https:\/\/collall.nl\/wp-content\/uploads\/2022\/03\/COLCF0100-Collall-Felt-Glue-2.jpg\",\"width\":1000,\"height\":1000},{\"@type\":\"BreadcrumbList\",\"@id\":\"https:\/\/collall.nl\/de\/product\/collall-filzkleber\/#breadcrumb\",\"itemListElement\":[{\"@type\":\"ListItem\",\"position\":1,\"name\":\"Home\",\"item\":\"https:\/\/collall.nl\/de\/hauptseite\/\"},{\"@type\":\"ListItem\",\"position\":2,\"name\":\"Produkte\",\"item\":\"https:\/\/collall.nl\/de\/produkte\/\"},{\"@type\":\"ListItem\",\"position\":3,\"name\":\"Collall Filzkleber\"}]},{\"@type\":\"WebSite\",\"@id\":\"https:\/\/collall.nl\/#website\",\"url\":\"https:\/\/collall.nl\/\",\"name\":\"Collall\",\"description\":\"Adhesives &amp; Paints since 1949\",\"publisher\":{\"@id\":\"https:\/\/collall.nl\/#organization\"},\"potentialAction\":[{\"@type\":\"SearchAction\",\"target\":{\"@type\":\"EntryPoint\",\"urlTemplate\":\"https:\/\/collall.nl\/?s={search_term_string}\"},\"query-input\":{\"@type\":\"PropertyValueSpecification\",\"valueRequired\":true,\"valueName\":\"search_term_string\"}}],\"inLanguage\":\"de\"},{\"@type\":\"Organization\",\"@id\":\"https:\/\/collall.nl\/#organization\",\"name\":\"Collall B.V.\",\"url\":\"https:\/\/collall.nl\/\",\"logo\":{\"@type\":\"ImageObject\",\"inLanguage\":\"de\",\"@id\":\"https:\/\/collall.nl\/#\/schema\/logo\/image\/\",\"url\":\"https:\/\/collall.nl\/wp-content\/uploads\/2022\/08\/Collall-logo-186C_Reflex-blue.jpg\",\"contentUrl\":\"https:\/\/collall.nl\/wp-content\/uploads\/2022\/08\/Collall-logo-186C_Reflex-blue.jpg\",\"width\":1963,\"height\":1179,\"caption\":\"Collall B.V.\"},\"image\":{\"@id\":\"https:\/\/collall.nl\/#\/schema\/logo\/image\/\"},\"sameAs\":[\"https:\/\/www.facebook.com\/people\/Collall\/100064976852539\/\",\"https:\/\/www.instagram.com\/collall_1949\/\",\"https:\/\/nl.pinterest.com\/CollallBV\/\",\"https:\/\/www.youtube.com\/channel\/UCrCGuwth_udZhTqJSh5g9zg\"]}]}<\/script>\n<!-- \/ Yoast SEO plugin. -->","yoast_head_json":{"title":"Collall Filzkleber - Collall","description":"Collall Filzkleber ist ein wei\u00dfer Kleber ohne L\u00f6sungsmittel speziell f\u00fcr das Kleben von Filz auf Filz. Transparent nach dem Trocknen.","robots":{"index":"index","follow":"follow","max-snippet":"max-snippet:-1","max-image-preview":"max-image-preview:large","max-video-preview":"max-video-preview:-1"},"canonical":"https:\/\/collall.nl\/de\/product\/collall-filzkleber\/","og_locale":"de_DE","og_type":"article","og_title":"Collall Filzkleber - Collall","og_description":"Collall Filzkleber ist ein wei\u00dfer Kleber ohne L\u00f6sungsmittel speziell f\u00fcr das Kleben von Filz auf Filz. Transparent nach dem Trocknen.","og_url":"https:\/\/collall.nl\/de\/product\/collall-filzkleber\/","og_site_name":"Collall","article_publisher":"https:\/\/www.facebook.com\/people\/Collall\/100064976852539\/","article_modified_time":"2025-10-07T06:55:50+00:00","og_image":[{"width":1000,"height":1000,"url":"https:\/\/collall.nl\/wp-content\/uploads\/2022\/03\/COLCF0100-Collall-Felt-Glue-2.jpg","type":"image\/jpeg"}],"twitter_card":"summary_large_image","twitter_misc":{"Gesch\u00e4tzte Lesezeit":"4\u00a0Minuten"},"schema":{"@context":"https:\/\/schema.org","@graph":[{"@type":"WebPage","@id":"https:\/\/collall.nl\/de\/product\/collall-filzkleber\/","url":"https:\/\/collall.nl\/de\/product\/collall-filzkleber\/","name":"Collall Filzkleber - Collall","isPartOf":{"@id":"https:\/\/collall.nl\/#website"},"primaryImageOfPage":{"@id":"https:\/\/collall.nl\/de\/product\/collall-filzkleber\/#primaryimage"},"image":{"@id":"https:\/\/collall.nl\/de\/product\/collall-filzkleber\/#primaryimage"},"thumbnailUrl":"https:\/\/collall.nl\/wp-content\/uploads\/2022\/03\/COLCF0100-Collall-Felt-Glue-2.jpg","datePublished":"2022-03-01T09:16:00+00:00","dateModified":"2025-10-07T06:55:50+00:00","description":"Collall Filzkleber ist ein wei\u00dfer Kleber ohne L\u00f6sungsmittel speziell f\u00fcr das Kleben von Filz auf Filz. Transparent nach dem Trocknen.","breadcrumb":{"@id":"https:\/\/collall.nl\/de\/product\/collall-filzkleber\/#breadcrumb"},"inLanguage":"de","potentialAction":[{"@type":"ReadAction","target":["https:\/\/collall.nl\/de\/product\/collall-filzkleber\/"]}]},{"@type":"ImageObject","inLanguage":"de","@id":"https:\/\/collall.nl\/de\/product\/collall-filzkleber\/#primaryimage","url":"https:\/\/collall.nl\/wp-content\/uploads\/2022\/03\/COLCF0100-Collall-Felt-Glue-2.jpg","contentUrl":"https:\/\/collall.nl\/wp-content\/uploads\/2022\/03\/COLCF0100-Collall-Felt-Glue-2.jpg","width":1000,"height":1000},{"@type":"BreadcrumbList","@id":"https:\/\/collall.nl\/de\/product\/collall-filzkleber\/#breadcrumb","itemListElement":[{"@type":"ListItem","position":1,"name":"Home","item":"https:\/\/collall.nl\/de\/hauptseite\/"},{"@type":"ListItem","position":2,"name":"Produkte","item":"https:\/\/collall.nl\/de\/produkte\/"},{"@type":"ListItem","position":3,"name":"Collall Filzkleber"}]},{"@type":"WebSite","@id":"https:\/\/collall.nl\/#website","url":"https:\/\/collall.nl\/","name":"Collall","description":"Adhesives &amp; Paints since 1949","publisher":{"@id":"https:\/\/collall.nl\/#organization"},"potentialAction":[{"@type":"SearchAction","target":{"@type":"EntryPoint","urlTemplate":"https:\/\/collall.nl\/?s={search_term_string}"},"query-input":{"@type":"PropertyValueSpecification","valueRequired":true,"valueName":"search_term_string"}}],"inLanguage":"de"},{"@type":"Organization","@id":"https:\/\/collall.nl\/#organization","name":"Collall B.V.","url":"https:\/\/collall.nl\/","logo":{"@type":"ImageObject","inLanguage":"de","@id":"https:\/\/collall.nl\/#\/schema\/logo\/image\/","url":"https:\/\/collall.nl\/wp-content\/uploads\/2022\/08\/Collall-logo-186C_Reflex-blue.jpg","contentUrl":"https:\/\/collall.nl\/wp-content\/uploads\/2022\/08\/Collall-logo-186C_Reflex-blue.jpg","width":1963,"height":1179,"caption":"Collall B.V."},"image":{"@id":"https:\/\/collall.nl\/#\/schema\/logo\/image\/"},"sameAs":["https:\/\/www.facebook.com\/people\/Collall\/100064976852539\/","https:\/\/www.instagram.com\/collall_1949\/","https:\/\/nl.pinterest.com\/CollallBV\/","https:\/\/www.youtube.com\/channel\/UCrCGuwth_udZhTqJSh5g9zg"]}]}},"_links":{"self":[{"href":"https:\/\/collall.nl\/de\/wp-json\/wp\/v2\/product\/10005","targetHints":{"allow":["GET"]}}],"collection":[{"href":"https:\/\/collall.nl\/de\/wp-json\/wp\/v2\/product"}],"about":[{"href":"https:\/\/collall.nl\/de\/wp-json\/wp\/v2\/types\/product"}],"replies":[{"embeddable":true,"href":"https:\/\/collall.nl\/de\/wp-json\/wp\/v2\/comments?post=10005"}],"wp:featuredmedia":[{"embeddable":true,"href":"https:\/\/collall.nl\/de\/wp-json\/wp\/v2\/media\/28058"}],"wp:attachment":[{"href":"https:\/\/collall.nl\/de\/wp-json\/wp\/v2\/media?parent=10005"}],"wp:term":[{"taxonomy":"product_brand","embeddable":true,"href":"https:\/\/collall.nl\/de\/wp-json\/wp\/v2\/product_brand?post=10005"},{"taxonomy":"product_cat","embeddable":true,"href":"https:\/\/collall.nl\/de\/wp-json\/wp\/v2\/product_cat?post=10005"},{"taxonomy":"product_tag","embeddable":true,"href":"https:\/\/collall.nl\/de\/wp-json\/wp\/v2\/product_tag?post=10005"}],"curies":[{"name":"wp","href":"https:\/\/api.w.org\/{rel}","templated":true}]}}